{"id":109,"date":"2026-02-11T07:56:57","date_gmt":"2026-02-11T07:56:57","guid":{"rendered":"https:\/\/onestepblowmachine.com\/?page_id=109"},"modified":"2026-02-11T09:52:29","modified_gmt":"2026-02-11T09:52:29","slug":"om-oss","status":"publish","type":"page","link":"https:\/\/onestepblowmachine.com\/sv\/om-oss\/","title":{"rendered":"Om oss"},"content":{"rendered":"<p>[et_pb_section fb_built=&#8221;1&#8243; admin_label=&#8221;Header&#8221; _builder_version=&#8221;4.27.2&#8243; parallax=&#8221;on&#8221; hover_enabled=&#8221;0&#8243; locked=&#8221;off&#8221; global_colors_info=&#8221;{}&#8221; theme_builder_area=&#8221;post_content&#8221; sticky_enabled=&#8221;0&#8243; background_enable_image=&#8221;off&#8221;][et_pb_row _builder_version=&#8221;4.16&#8243; locked=&#8221;off&#8221; global_colors_info=&#8221;{}&#8221; theme_builder_area=&#8221;post_content&#8221;][et_pb_column type=&#8221;4_4&#8243; saved_specialty_column_type=&#8221;2_3&#8243; _builder_version=&#8221;4.16&#8243; global_colors_info=&#8221;{}&#8221; theme_builder_area=&#8221;post_content&#8221;][et_pb_text _builder_version=&#8221;4.16&#8243; text_font=&#8221;Cormorant Garamond|700|||||||&#8221; text_text_color=&#8221;rgba(0,0,0,0.04)&#8221; text_font_size=&#8221;180px&#8221; text_line_height=&#8221;1em&#8221; position_origin_a=&#8221;top_center&#8221; custom_margin=&#8221;||-0.4em|-5vw|false|false&#8221; text_font_size_tablet=&#8221;120px&#8221; text_font_size_phone=&#8221;80px&#8221; text_font_size_last_edited=&#8221;on|phone&#8221; locked=&#8221;off&#8221; global_colors_info=&#8221;{}&#8221; theme_builder_area=&#8221;post_content&#8221;]<\/p>\n<p>Oss<\/p>\n<p>[\/et_pb_text][et_pb_text _builder_version=&#8221;4.27.2&#8243; header_font=&#8221;Josefin Sans|600|||||||&#8221; header_font_size=&#8221;80px&#8221; header_letter_spacing=&#8221;-0.05em&#8221; hover_enabled=&#8221;0&#8243; header_font_size_tablet=&#8221;56px&#8221; header_font_size_phone=&#8221;40px&#8221; header_font_size_last_edited=&#8221;on|phone&#8221; locked=&#8221;off&#8221; global_colors_info=&#8221;{}&#8221; theme_builder_area=&#8221;post_content&#8221; sticky_enabled=&#8221;0&#8243;]<\/p>\n<h1>Om oss<\/h1>\n<p>[\/et_pb_text][\/et_pb_column][\/et_pb_row][\/et_pb_section][et_pb_section fb_built=&#8221;1&#8243; admin_label=&#8221;Video&#8221; _builder_version=&#8221;4.16&#8243; global_colors_info=&#8221;{}&#8221; theme_builder_area=&#8221;post_content&#8221;][et_pb_row _builder_version=&#8221;4.16&#8243; locked=&#8221;off&#8221; global_colors_info=&#8221;{}&#8221; theme_builder_area=&#8221;post_content&#8221;][et_pb_column type=&#8221;4_4&#8243; _builder_version=&#8221;4.16&#8243; global_colors_info=&#8221;{}&#8221; theme_builder_area=&#8221;post_content&#8221;][et_pb_text _builder_version=&#8221;4.16&#8243; text_font_size=&#8221;190px&#8221; header_2_font=&#8221;Cormorant Garamond|600|||||||&#8221; header_2_text_color=&#8221;rgba(0,0,0,0.05)&#8221; header_2_font_size=&#8221;190px&#8221; text_orientation=&#8221;center&#8221; custom_margin=&#8221;||-0.35em||false|false&#8221; text_font_size_tablet=&#8221;100px&#8221; text_font_size_phone=&#8221;60px&#8221; text_font_size_last_edited=&#8221;on|tablet&#8221; header_2_font_size_tablet=&#8221;100px&#8221; header_2_font_size_phone=&#8221;60px&#8221; header_2_font_size_last_edited=&#8221;on|phone&#8221; locked=&#8221;off&#8221; global_colors_info=&#8221;{}&#8221; theme_builder_area=&#8221;post_content&#8221;]<\/p>\n<h2>Kvalitet<\/h2>\n<p>[\/et_pb_text][et_pb_text _builder_version=&#8221;4.27.2&#8243; header_2_font=&#8221;Josefin Sans|700|||||||&#8221; header_2_font_size=&#8221;50px&#8221; header_2_line_height=&#8221;1.2em&#8221; max_width=&#8221;90%&#8221; module_alignment=&#8221;center&#8221; hover_enabled=&#8221;0&#8243; header_2_font_size_tablet=&#8221;36px&#8221; header_2_font_size_phone=&#8221;24px&#8221; header_2_font_size_last_edited=&#8221;on|phone&#8221; locked=&#8221;off&#8221; global_colors_info=&#8221;{}&#8221; header_2_2_font_size_tablet=&#8221;36px&#8221; header_3_2_font_size_tablet=&#8221;36px&#8221; header_4_2_font_size_tablet=&#8221;36px&#8221; header_5_2_font_size_tablet=&#8221;36px&#8221; header_6_2_font_size_tablet=&#8221;36px&#8221; header_2_2_font_size_phone=&#8221;24px&#8221; header_3_2_font_size_phone=&#8221;24px&#8221; header_4_2_font_size_phone=&#8221;24px&#8221; header_5_2_font_size_phone=&#8221;24px&#8221; header_6_2_font_size_phone=&#8221;24px&#8221; header_2_2_font_size_last_edited=&#8221;on|phone&#8221; header_3_2_font_size_last_edited=&#8221;on|phone&#8221; header_4_2_font_size_last_edited=&#8221;on|phone&#8221; header_5_2_font_size_last_edited=&#8221;on|phone&#8221; header_6_2_font_size_last_edited=&#8221;on|phone&#8221; theme_builder_area=&#8221;post_content&#8221; sticky_enabled=&#8221;0&#8243;]<\/p>\n<h2>Den b\u00e4sta och mest omt\u00e4nksamma ISBM-tillverkaren<\/h2>\n<p>[\/et_pb_text][\/et_pb_column][\/et_pb_row][et_pb_row _builder_version=&#8221;4.27.2&#8243; hover_enabled=&#8221;0&#8243; global_colors_info=&#8221;{}&#8221; column_structure=&#8221;1_2,1_2&#8243; theme_builder_area=&#8221;post_content&#8221; max_width=&#8221;100%&#8221; width=&#8221;90%&#8221; sticky_enabled=&#8221;0&#8243;][et_pb_column type=&#8221;1_2&#8243; _builder_version=&#8221;4.16&#8243; global_colors_info=&#8221;{}&#8221; theme_builder_area=&#8221;post_content&#8221;][et_pb_video thumbnail_overlay_color=&#8221;rgba(0,0,0,0.6)&#8221; _builder_version=&#8221;4.27.2&#8243; max_width=&#8221;700px&#8221; module_alignment=&#8221;right&#8221; hover_enabled=&#8221;0&#8243; global_colors_info=&#8221;{}&#8221; theme_builder_area=&#8221;post_content&#8221; title_text=&#8221;onestepblowmachine-customer-service&#8221; src_webm=&#8221;https:\/\/onestepblowmachine.com\/wp-content\/uploads\/2026\/02\/onestepblowmachine-customer-service.mp4&#8243; sticky_enabled=&#8221;0&#8243;][\/et_pb_video][et_pb_button button_text=&#8221;View Products&#8221; _builder_version=&#8221;4.27.2&#8243; _module_preset=&#8221;default&#8221; theme_builder_area=&#8221;post_content&#8221; button_url=&#8221;https:\/\/onestepblowmachine.com\/&#8221; hover_enabled=&#8221;0&#8243; sticky_enabled=&#8221;0&#8243; custom_button=&#8221;on&#8221; button_text_color=&#8221;#000000&#8243; button_alignment=&#8221;right&#8221;][\/et_pb_button][et_pb_image src=&#8221;https:\/\/onestepblowmachine.com\/wp-content\/uploads\/2026\/02\/Group-4-1.png&#8221; _builder_version=&#8221;4.16&#8243; positioning=&#8221;absolute&#8221; position_origin_a=&#8221;center_left&#8221; locked=&#8221;off&#8221; global_colors_info=&#8221;{}&#8221; theme_builder_area=&#8221;post_content&#8221;][\/et_pb_image][\/et_pb_column][et_pb_column type=&#8221;1_2&#8243; _builder_version=&#8221;4.16&#8243; global_colors_info=&#8221;{}&#8221; theme_builder_area=&#8221;post_content&#8221;][et_pb_text _builder_version=&#8221;4.27.2&#8243; text_font=&#8221;Average||||||||&#8221; text_line_height=&#8221;2em&#8221; module_alignment=&#8221;center&#8221; hover_enabled=&#8221;0&#8243; text_font_size_tablet=&#8221;&#8221; text_font_size_phone=&#8221;18px&#8221; text_font_size_last_edited=&#8221;on|phone&#8221; locked=&#8221;off&#8221; global_colors_info=&#8221;{}&#8221; theme_builder_area=&#8221;post_content&#8221; sticky_enabled=&#8221;0&#8243;]<\/p>\n<p>V\u00e5r fabrik har \u00f6ver tv\u00e5 decenniers expertis inom tillverkning av h\u00f6gprecisionsutrustning f\u00f6r plastgjutning. Vi specialiserar oss p\u00e5 enstegs formsprutningsbl\u00e5smaskiner (ISBM), vilka \u00e4r avg\u00f6rande f\u00f6r att producera ett brett utbud av ih\u00e5liga plastprodukter, inklusive flaskor f\u00f6r kosmetika, livsmedel, l\u00e4kemedel med mera. Utrustade med avancerad teknik och automationssystem s\u00e4kerst\u00e4ller vi att vi kan m\u00f6ta v\u00e5ra kunders olika behov.<\/p>\n<p>V\u00e5r tillverkningskapacitet bygger p\u00e5 kontinuerlig innovation, vilket uppn\u00e5r b\u00e5de energieffektivitet och l\u00e5ga driftskostnader. Vi anv\u00e4nder servomotorsystem, PLC-styrsystem och h\u00f6gkvalitativa komponenter fr\u00e5n v\u00e4lrenommerade globala leverant\u00f6rer. Detta g\u00f6r det m\u00f6jligt f\u00f6r oss att producera maskiner med \u00f6verl\u00e4gsen prestanda, minimalt avfall och h\u00f6g precision, vilket s\u00e4kerst\u00e4ller tillf\u00f6rlitliga och konsekventa resultat f\u00f6r massproduktion.<\/p>\n<p>Vi \u00e4r dedikerade till att erbjuda helt\u00e4ckande l\u00f6sningar, fr\u00e5n maskintillverkning till formdesign, med fullst\u00e4ndig teknisk support.<\/p>\n<p>[\/et_pb_text][\/et_pb_column][\/et_pb_row][\/et_pb_section][et_pb_section fb_built=&#8221;1&#8243; admin_label=&#8221;About&#8221; _builder_version=&#8221;4.16&#8243; global_colors_info=&#8221;{}&#8221; theme_builder_area=&#8221;post_content&#8221;][et_pb_row _builder_version=&#8221;4.27.2&#8243; hover_enabled=&#8221;0&#8243; locked=&#8221;off&#8221; global_colors_info=&#8221;{}&#8221; theme_builder_area=&#8221;post_content&#8221; max_width=&#8221;100%&#8221; width=&#8221;90%&#8221; sticky_enabled=&#8221;0&#8243;][et_pb_column type=&#8221;4_4&#8243; _builder_version=&#8221;4.16&#8243; global_colors_info=&#8221;{}&#8221; theme_builder_area=&#8221;post_content&#8221;][et_pb_text _builder_version=&#8221;4.27.2&#8243; _module_preset=&#8221;default&#8221; theme_builder_area=&#8221;post_content&#8221; header_2_font_size=&#8221;50px&#8221; border_width_all=&#8221;5px&#8221; box_shadow_style=&#8221;preset4&#8243; max_width=&#8221;50%&#8221; module_alignment=&#8221;center&#8221; header_2_text_align=&#8221;center&#8221; hover_enabled=&#8221;0&#8243; sticky_enabled=&#8221;0&#8243;]<\/p>\n<h2>Varf\u00f6r v\u00e4lja oss?<\/h2>\n<p>[\/et_pb_text][\/et_pb_column][\/et_pb_row][et_pb_row _builder_version=&#8221;4.27.2&#8243; _module_preset=&#8221;default&#8221; column_structure=&#8221;1_2,1_2&#8243; theme_builder_area=&#8221;post_content&#8221; width=&#8221;90%&#8221; max_width=&#8221;100%&#8221; hover_enabled=&#8221;0&#8243; sticky_enabled=&#8221;0&#8243;][et_pb_column _builder_version=&#8221;4.27.2&#8243; _module_preset=&#8221;default&#8221; type=&#8221;1_2&#8243; theme_builder_area=&#8221;post_content&#8221;][et_pb_blurb title=&#8221;Advanced Automation &#038; Servo Systems&#8221; _builder_version=&#8221;4.27.2&#8243; _module_preset=&#8221;default&#8221; theme_builder_area=&#8221;post_content&#8221; header_level=&#8221;h3&#8243; header_text_color=&#8221;#E09900&#8243; hover_enabled=&#8221;0&#8243; sticky_enabled=&#8221;0&#8243;]<\/p>\n<p>V\u00e5ra maskiner integrerar flera servomotorsystem och PLC-styrsystem f\u00f6r att s\u00e4kerst\u00e4lla s\u00f6ml\u00f6s produktion med h\u00f6g precision. Denna automatisering minskar avsev\u00e4rt m\u00e4nskliga fel och \u00f6kar konsekvensen i varje produktionscykel.<\/p>\n<p>[\/et_pb_blurb][et_pb_blurb title=&#8221;Energy Efficiency&#8221; _builder_version=&#8221;4.27.2&#8243; _module_preset=&#8221;default&#8221; theme_builder_area=&#8221;post_content&#8221; header_level=&#8221;h3&#8243; header_text_color=&#8221;#E09900&#8243; hover_enabled=&#8221;0&#8243; sticky_enabled=&#8221;0&#8243; locked=&#8221;off&#8221;]<\/p>\n<p>Genom att anv\u00e4nda nano-infrar\u00f6d energibesparande uppv\u00e4rmningsteknik och eliminera behovet av sekund\u00e4r uppv\u00e4rmning av preformar, uppn\u00e5r vi energibesparingar p\u00e5 upp till 40% j\u00e4mf\u00f6rt med traditionella metoder.<\/p>\n<p>[\/et_pb_blurb][et_pb_blurb title=&#8221;Superior Material Handling&#8221; _builder_version=&#8221;4.27.2&#8243; _module_preset=&#8221;default&#8221; theme_builder_area=&#8221;post_content&#8221; header_level=&#8221;h3&#8243; header_text_color=&#8221;#E09900&#8243; hover_enabled=&#8221;0&#8243; sticky_enabled=&#8221;0&#8243; locked=&#8221;off&#8221;]<\/p>\n<p>V\u00e5r utrustning \u00e4r konstruerad f\u00f6r att hantera ett brett utbud av material, inklusive PET, PETG, PP, PC, Tritan med mera. Denna m\u00e5ngsidighet g\u00f6r v\u00e5ra maskiner idealiska f\u00f6r att producera ett brett utbud av produkter, fr\u00e5n kosmetikf\u00f6rpackningar till livsmedels- och l\u00e4kemedelsbeh\u00e5llare.<\/p>\n<p>[\/et_pb_blurb][et_pb_blurb title=&#8221;Advanced Automation &#038; Servo Systems&#8221; _builder_version=&#8221;4.27.2&#8243; _module_preset=&#8221;default&#8221; theme_builder_area=&#8221;post_content&#8221; header_level=&#8221;h3&#8243; header_text_color=&#8221;#E09900&#8243; hover_enabled=&#8221;0&#8243; sticky_enabled=&#8221;0&#8243; locked=&#8221;off&#8221;]<\/p>\n<p>V\u00e5ra maskiner integrerar flera servomotorsystem och PLC-styrsystem f\u00f6r att s\u00e4kerst\u00e4lla s\u00f6ml\u00f6s produktion med h\u00f6g precision. Denna automatisering minskar avsev\u00e4rt m\u00e4nskliga fel och \u00f6kar konsekvensen i varje produktionscykel.<\/p>\n<p>[\/et_pb_blurb][et_pb_blurb title=&#8221;High Precision and Stability&#8221; _builder_version=&#8221;4.27.2&#8243; _module_preset=&#8221;default&#8221; theme_builder_area=&#8221;post_content&#8221; header_level=&#8221;h3&#8243; header_text_color=&#8221;#E09900&#8243; hover_enabled=&#8221;0&#8243; sticky_enabled=&#8221;0&#8243; locked=&#8221;off&#8221;]<\/p>\n<p>Med avancerade skruvv\u00e4rme- och formkl\u00e4msystem s\u00e4kerst\u00e4ller v\u00e5ra maskiner en konsekvent h\u00f6gkvalitativ produktion med minimalt spill. Vi erbjuder exakt kontroll av formtemperatur och h\u00f6ga bl\u00e5ssp\u00e4nningskrafter, vilket levererar produkter med utm\u00e4rkt dimensionsnoggrannhet och materialegenskaper.<\/p>\n<p>[\/et_pb_blurb][\/et_pb_column][et_pb_column _builder_version=&#8221;4.27.2&#8243; _module_preset=&#8221;default&#8221; type=&#8221;1_2&#8243; theme_builder_area=&#8221;post_content&#8221;][et_pb_image src=&#8221;https:\/\/onestepblowmachine.com\/wp-content\/uploads\/2026\/02\/onestepblowmachine-about-us3.webp&#8221; _builder_version=&#8221;4.27.2&#8243; _module_preset=&#8221;default&#8221; theme_builder_area=&#8221;post_content&#8221; alt=&#8221;onestepblowmachine-about-us3&#8243; title_text=&#8221;onestepblowmachine-about-us3&#8243; hover_enabled=&#8221;0&#8243; sticky_enabled=&#8221;0&#8243;][\/et_pb_image][\/et_pb_column][\/et_pb_row][et_pb_row _builder_version=&#8221;4.27.2&#8243; _module_preset=&#8221;default&#8221; theme_builder_area=&#8221;post_content&#8221;][et_pb_column _builder_version=&#8221;4.27.2&#8243; _module_preset=&#8221;default&#8221; type=&#8221;4_4&#8243; theme_builder_area=&#8221;post_content&#8221;][et_pb_text _builder_version=&#8221;4.27.2&#8243; _module_preset=&#8221;default&#8221; theme_builder_area=&#8221;post_content&#8221; header_2_font_size=&#8221;50px&#8221; sticky_enabled=&#8221;0&#8243; border_width_all=&#8221;5px&#8221; box_shadow_style=&#8221;preset4&#8243; max_width=&#8221;50%&#8221; module_alignment=&#8221;center&#8221; header_2_text_align=&#8221;center&#8221;]<\/p>\n<h2>Verkstadsutst\u00e4llning<\/h2>\n<p>[\/et_pb_text][\/et_pb_column][\/et_pb_row][et_pb_row _builder_version=&#8221;4.27.2&#8243; _module_preset=&#8221;default&#8221; column_structure=&#8221;1_3,1_3,1_3&#8243; theme_builder_area=&#8221;post_content&#8221; width=&#8221;90%&#8221; max_width=&#8221;100%&#8221; hover_enabled=&#8221;0&#8243; sticky_enabled=&#8221;0&#8243;][et_pb_column _builder_version=&#8221;4.27.2&#8243; _module_preset=&#8221;default&#8221; type=&#8221;1_3&#8243; theme_builder_area=&#8221;post_content&#8221;][et_pb_image src=&#8221;https:\/\/onestepblowmachine.com\/wp-content\/uploads\/2026\/02\/onestepblowmachine-about-us.webp&#8221; _builder_version=&#8221;4.27.2&#8243; _module_preset=&#8221;default&#8221; theme_builder_area=&#8221;post_content&#8221; alt=&#8221;onestepblowmachine-about-us&#8221; title_text=&#8221;onestepblowmachine-about-us&#8221; hover_enabled=&#8221;0&#8243; sticky_enabled=&#8221;0&#8243;][\/et_pb_image][\/et_pb_column][et_pb_column _builder_version=&#8221;4.27.2&#8243; _module_preset=&#8221;default&#8221; type=&#8221;1_3&#8243; theme_builder_area=&#8221;post_content&#8221;][et_pb_image src=&#8221;https:\/\/onestepblowmachine.com\/wp-content\/uploads\/2026\/02\/onestepblowmachine-about-us2-scaled.webp&#8221; _builder_version=&#8221;4.27.2&#8243; _module_preset=&#8221;default&#8221; theme_builder_area=&#8221;post_content&#8221; alt=&#8221;onestepblowmachine-about-us2&#8243; title_text=&#8221;onestepblowmachine-about-us2&#8243; hover_enabled=&#8221;0&#8243; sticky_enabled=&#8221;0&#8243;][\/et_pb_image][\/et_pb_column][et_pb_column _builder_version=&#8221;4.27.2&#8243; _module_preset=&#8221;default&#8221; type=&#8221;1_3&#8243; theme_builder_area=&#8221;post_content&#8221;][et_pb_button button_text=&#8221;GET QUOTE&#8221; _builder_version=&#8221;4.27.2&#8243; _module_preset=&#8221;default&#8221; theme_builder_area=&#8221;post_content&#8221; button_url=&#8221;https:\/\/onestepblowmachine.com\/contact-us&#8221; button_alignment=&#8221;center&#8221; custom_button=&#8221;on&#8221; button_text_color=&#8221;#0C71C3&#8243; button_icon=&#8221;&#xe01a;||divi||400&#8243; box_shadow_style=&#8221;preset4&#8243; custom_margin=&#8221;10vh||||false|false&#8221; hover_enabled=&#8221;0&#8243; sticky_enabled=&#8221;0&#8243;][\/et_pb_button][\/et_pb_column][\/et_pb_row][et_pb_row _builder_version=&#8221;4.27.2&#8243; _module_preset=&#8221;default&#8221; column_structure=&#8221;1_2,1_2&#8243; theme_builder_area=&#8221;post_content&#8221; width=&#8221;90%&#8221; max_width=&#8221;100%&#8221; hover_enabled=&#8221;0&#8243; sticky_enabled=&#8221;0&#8243;][et_pb_column _builder_version=&#8221;4.27.2&#8243; _module_preset=&#8221;default&#8221; type=&#8221;1_2&#8243; theme_builder_area=&#8221;post_content&#8221;][et_pb_image src=&#8221;https:\/\/onestepblowmachine.com\/wp-content\/uploads\/2026\/02\/onestepblowmachine-about-us4.webp&#8221; _builder_version=&#8221;4.27.2&#8243; _module_preset=&#8221;default&#8221; theme_builder_area=&#8221;post_content&#8221; alt=&#8221;onestepblowmachine-about-us4&#8243; title_text=&#8221;onestepblowmachine-about-us4&#8243; hover_enabled=&#8221;0&#8243; sticky_enabled=&#8221;0&#8243;][\/et_pb_image][\/et_pb_column][et_pb_column _builder_version=&#8221;4.27.2&#8243; _module_preset=&#8221;default&#8221; type=&#8221;1_2&#8243; theme_builder_area=&#8221;post_content&#8221;][et_pb_image src=&#8221;https:\/\/onestepblowmachine.com\/wp-content\/uploads\/2026\/02\/onestepblowmachine-products-show2.webp&#8221; _builder_version=&#8221;4.27.2&#8243; _module_preset=&#8221;default&#8221; theme_builder_area=&#8221;post_content&#8221; alt=&#8221;onestepblowmachine-products-show2&#8243; title_text=&#8221;onestepblowmachine-products-show2&#8243; hover_enabled=&#8221;0&#8243; sticky_enabled=&#8221;0&#8243;][\/et_pb_image][\/et_pb_column][\/et_pb_row][\/et_pb_section][et_pb_section fb_built=&#8221;1&#8243; _builder_version=&#8221;4.27.2&#8243; _module_preset=&#8221;default&#8221; global_colors_info=&#8221;{}&#8221; locked=&#8221;off&#8221; theme_builder_area=&#8221;post_content&#8221;][et_pb_row admin_label=&#8221;Services Title&#8221; _builder_version=&#8221;4.27.2&#8243; global_colors_info=&#8221;{}&#8221; theme_builder_area=&#8221;post_content&#8221;][et_pb_column type=&#8221;4_4&#8243; _builder_version=&#8221;4.27.2&#8243; custom_padding=&#8221;|||&#8221; global_colors_info=&#8221;{}&#8221; custom_padding__hover=&#8221;|||&#8221; theme_builder_area=&#8221;post_content&#8221;][et_pb_text admin_label=&#8221;Title&#8221; _builder_version=&#8221;4.27.2&#8243; text_font=&#8221;||||||||&#8221; header_font=&#8221;||||||||&#8221; header_2_font=&#8221;Vast Shadow|500||||on|||&#8221; header_2_font_size=&#8221;40px&#8221; header_2_letter_spacing=&#8221;1px&#8221; header_2_line_height=&#8221;1.4em&#8221; text_orientation=&#8221;center&#8221; custom_margin=&#8221;|||&#8221; animation_style=&#8221;fold&#8221; animation_direction=&#8221;bottom&#8221; animation_intensity_fold=&#8221;10%&#8221; animation_starting_opacity=&#8221;100%&#8221; header_2_font_size_tablet=&#8221;28px&#8221; header_2_font_size_phone=&#8221;22px&#8221; header_2_font_size_last_edited=&#8221;on|tablet&#8221; global_colors_info=&#8221;{}&#8221; header_2_2_font_size_tablet=&#8221;28px&#8221; header_3_2_font_size_tablet=&#8221;28px&#8221; header_4_2_font_size_tablet=&#8221;28px&#8221; header_5_2_font_size_tablet=&#8221;28px&#8221; header_6_2_font_size_tablet=&#8221;28px&#8221; header_2_2_font_size_phone=&#8221;22px&#8221; header_3_2_font_size_phone=&#8221;22px&#8221; header_4_2_font_size_phone=&#8221;22px&#8221; header_5_2_font_size_phone=&#8221;22px&#8221; header_6_2_font_size_phone=&#8221;22px&#8221; header_2_2_font_size_last_edited=&#8221;on|phone&#8221; header_3_2_font_size_last_edited=&#8221;on|phone&#8221; header_4_2_font_size_last_edited=&#8221;on|phone&#8221; header_5_2_font_size_last_edited=&#8221;on|phone&#8221; header_6_2_font_size_last_edited=&#8221;on|phone&#8221; theme_builder_area=&#8221;post_content&#8221;]<\/p>\n<h2>Vad <strong>Enstegsinjektionsstr\u00e4ckformar<\/strong> Vi erbjuder<\/h2>\n<p>[\/et_pb_text][\/et_pb_column][\/et_pb_row][et_pb_row _builder_version=&#8221;4.27.2&#8243; _module_preset=&#8221;default&#8221; width=&#8221;90%&#8221; max_width=&#8221;100%&#8221; locked=&#8221;off&#8221; global_colors_info=&#8221;{}&#8221; theme_builder_area=&#8221;post_content&#8221;][et_pb_column type=&#8221;4_4&#8243; _builder_version=&#8221;4.27.2&#8243; _module_preset=&#8221;default&#8221; global_colors_info=&#8221;{}&#8221; theme_builder_area=&#8221;post_content&#8221;][et_pb_image src=&#8221;https:\/\/onestepblowmachine.com\/wp-content\/uploads\/2026\/02\/onestepblowmachine-One-step-Injection-Stretch-Blowing-Mould-introduce.webp&#8221; alt=&#8221;onestepblowmachine-One-step Injection Stretch Blowing Mould-introduce&#8221; title_text=&#8221;onestepblowmachine-One-step Injection Stretch Blowing Mould-introduce&#8221; _builder_version=&#8221;4.27.2&#8243; _module_preset=&#8221;default&#8221; global_colors_info=&#8221;{}&#8221; theme_builder_area=&#8221;post_content&#8221;][\/et_pb_image][\/et_pb_column][\/et_pb_row][\/et_pb_section]<\/p>","protected":false},"excerpt":{"rendered":"<p>UsAbout UsQualityThe best and most considerate ISBM manufacturerOur factory boasts over two decades of expertise in manufacturing high-precision, high-demand plastic molding equipment. We specialize in one-step injection stretch blow molding machines (ISBM), which are pivotal for producing a wide range of hollow plastic products, including bottles for cosmetics, food, pharmaceuticals, and more. Equipped with advanced [&hellip;]<\/p>","protected":false},"author":1,"featured_media":0,"parent":0,"menu_order":0,"comment_status":"closed","ping_status":"closed","template":"","meta":{"_et_pb_use_builder":"on","_et_pb_old_content":"","_et_gb_content_width":"","footnotes":""},"class_list":["post-109","page","type-page","status-publish","hentry"],"_links":{"self":[{"href":"https:\/\/onestepblowmachine.com\/sv\/wp-json\/wp\/v2\/pages\/109","targetHints":{"allow":["GET"]}}],"collection":[{"href":"https:\/\/onestepblowmachine.com\/sv\/wp-json\/wp\/v2\/pages"}],"about":[{"href":"https:\/\/onestepblowmachine.com\/sv\/wp-json\/wp\/v2\/types\/page"}],"author":[{"embeddable":true,"href":"https:\/\/onestepblowmachine.com\/sv\/wp-json\/wp\/v2\/users\/1"}],"replies":[{"embeddable":true,"href":"https:\/\/onestepblowmachine.com\/sv\/wp-json\/wp\/v2\/comments?post=109"}],"version-history":[{"count":2,"href":"https:\/\/onestepblowmachine.com\/sv\/wp-json\/wp\/v2\/pages\/109\/revisions"}],"predecessor-version":[{"id":142,"href":"https:\/\/onestepblowmachine.com\/sv\/wp-json\/wp\/v2\/pages\/109\/revisions\/142"}],"wp:attachment":[{"href":"https:\/\/onestepblowmachine.com\/sv\/wp-json\/wp\/v2\/media?parent=109"}],"curies":[{"name":"wp","href":"https:\/\/api.w.org\/{rel}","templated":true}]}}