{"id":136,"date":"2026-02-11T09:37:40","date_gmt":"2026-02-11T09:37:40","guid":{"rendered":"https:\/\/onestepblowmachine.com\/?page_id=136"},"modified":"2026-02-11T09:37:40","modified_gmt":"2026-02-11T09:37:40","slug":"contate-nos","status":"publish","type":"page","link":"https:\/\/onestepblowmachine.com\/pt\/contate-nos\/","title":{"rendered":"Contate-nos"},"content":{"rendered":"<p>Como um dos fabricantes, fornecedores e exportadores de produtos mec\u00e2nicos da ISBM, oferecemos produtos da ISBM e muitas outras marcas.<br \/>\nEntre em contato conosco para obter mais detalhes.<\/p>\n<p>Correspond\u00eancia:<a href=\"mailto:sales@onestepblowmachine.com\">sales@onestepblowmachine.com<\/a><\/p>\n<p>Fabricante, fornecedor e exportador de ISBM.<\/p>\n<p>Somos especializados na produ\u00e7\u00e3o de caixas de engrenagens agr\u00edcolas, eixos de tomada de for\u00e7a (TDF), rodas dentadas, acoplamentos hidr\u00e1ulicos, redutores de engrenagem sem-fim, engrenagens e cremalheiras, correntes de rolos, polias, caixas de engrenagens planet\u00e1rias, polias sincronizadoras, an\u00e9is de fixa\u00e7\u00e3o de eixos e muito mais.<\/p>\n<p>Exportamos nossos produtos para clientes em todo o mundo e conquistamos uma boa reputa\u00e7\u00e3o devido \u00e0 qualidade superior de nossos produtos e ao nosso servi\u00e7o p\u00f3s-venda.<\/p>\n<p>Recebemos com prazer clientes nacionais e internacionais para que entrem em contato conosco a fim de negociar neg\u00f3cios, trocar informa\u00e7\u00f5es e cooperar conosco.<\/p>","protected":false},"excerpt":{"rendered":"<p>As one of the ISBM manufacturers, suppliers, and exporters of mechanical products, we offer ISBM and many other products. Please get in touch with us for details. Mail:sales@onestepblowmachine.com Manufacturer, supplier, exporter of ISBM. We specialize in the production of Agricultural Gearbox, PTO Shafts, Sprockets, Fluid Coupling, Worm Gear Reducers, Gears and racks, Roller Chains, Sheave [&hellip;]<\/p>","protected":false},"author":1,"featured_media":0,"parent":0,"menu_order":0,"comment_status":"closed","ping_status":"closed","template":"","meta":{"_et_pb_use_builder":"","_et_pb_old_content":"","_et_gb_content_width":"","footnotes":""},"class_list":["post-136","page","type-page","status-publish","hentry"],"_links":{"self":[{"href":"https:\/\/onestepblowmachine.com\/pt\/wp-json\/wp\/v2\/pages\/136","targetHints":{"allow":["GET"]}}],"collection":[{"href":"https:\/\/onestepblowmachine.com\/pt\/wp-json\/wp\/v2\/pages"}],"about":[{"href":"https:\/\/onestepblowmachine.com\/pt\/wp-json\/wp\/v2\/types\/page"}],"author":[{"embeddable":true,"href":"https:\/\/onestepblowmachine.com\/pt\/wp-json\/wp\/v2\/users\/1"}],"replies":[{"embeddable":true,"href":"https:\/\/onestepblowmachine.com\/pt\/wp-json\/wp\/v2\/comments?post=136"}],"version-history":[{"count":1,"href":"https:\/\/onestepblowmachine.com\/pt\/wp-json\/wp\/v2\/pages\/136\/revisions"}],"predecessor-version":[{"id":137,"href":"https:\/\/onestepblowmachine.com\/pt\/wp-json\/wp\/v2\/pages\/136\/revisions\/137"}],"wp:attachment":[{"href":"https:\/\/onestepblowmachine.com\/pt\/wp-json\/wp\/v2\/media?parent=136"}],"curies":[{"name":"wp","href":"https:\/\/api.w.org\/{rel}","templated":true}]}}