{"id":109,"date":"2026-02-11T07:56:57","date_gmt":"2026-02-11T07:56:57","guid":{"rendered":"https:\/\/onestepblowmachine.com\/?page_id=109"},"modified":"2026-02-11T09:52:29","modified_gmt":"2026-02-11T09:52:29","slug":"sobre-nos","status":"publish","type":"page","link":"https:\/\/onestepblowmachine.com\/pt\/sobre-nos\/","title":{"rendered":"Sobre n\u00f3s"},"content":{"rendered":"<p>[et_pb_section fb_built=&#8221;1&#8243; admin_label=&#8221;Header&#8221; _builder_version=&#8221;4.27.2&#8243; parallax=&#8221;on&#8221; hover_enabled=&#8221;0&#8243; locked=&#8221;off&#8221; global_colors_info=&#8221;{}&#8221; theme_builder_area=&#8221;post_content&#8221; sticky_enabled=&#8221;0&#8243; background_enable_image=&#8221;off&#8221;][et_pb_row _builder_version=&#8221;4.16&#8243; locked=&#8221;off&#8221; global_colors_info=&#8221;{}&#8221; theme_builder_area=&#8221;post_content&#8221;][et_pb_column type=&#8221;4_4&#8243; saved_specialty_column_type=&#8221;2_3&#8243; _builder_version=&#8221;4.16&#8243; global_colors_info=&#8221;{}&#8221; theme_builder_area=&#8221;post_content&#8221;][et_pb_text _builder_version=&#8221;4.16&#8243; text_font=&#8221;Cormorant Garamond|700|||||||&#8221; text_text_color=&#8221;rgba(0,0,0,0.04)&#8221; text_font_size=&#8221;180px&#8221; text_line_height=&#8221;1em&#8221; position_origin_a=&#8221;top_center&#8221; custom_margin=&#8221;||-0.4em|-5vw|false|false&#8221; text_font_size_tablet=&#8221;120px&#8221; text_font_size_phone=&#8221;80px&#8221; text_font_size_last_edited=&#8221;on|phone&#8221; locked=&#8221;off&#8221; global_colors_info=&#8221;{}&#8221; theme_builder_area=&#8221;post_content&#8221;]<\/p>\n<p>N\u00f3s<\/p>\n<p>[\/et_pb_text][et_pb_text _builder_version=&#8221;4.27.2&#8243; header_font=&#8221;Josefin Sans|600|||||||&#8221; header_font_size=&#8221;80px&#8221; header_letter_spacing=&#8221;-0.05em&#8221; hover_enabled=&#8221;0&#8243; header_font_size_tablet=&#8221;56px&#8221; header_font_size_phone=&#8221;40px&#8221; header_font_size_last_edited=&#8221;on|phone&#8221; locked=&#8221;off&#8221; global_colors_info=&#8221;{}&#8221; theme_builder_area=&#8221;post_content&#8221; sticky_enabled=&#8221;0&#8243;]<\/p>\n<h1>Sobre n\u00f3s<\/h1>\n<p>[\/et_pb_text][\/et_pb_column][\/et_pb_row][\/et_pb_section][et_pb_section fb_built=&#8221;1&#8243; admin_label=&#8221;Video&#8221; _builder_version=&#8221;4.16&#8243; global_colors_info=&#8221;{}&#8221; theme_builder_area=&#8221;post_content&#8221;][et_pb_row _builder_version=&#8221;4.16&#8243; locked=&#8221;off&#8221; global_colors_info=&#8221;{}&#8221; theme_builder_area=&#8221;post_content&#8221;][et_pb_column type=&#8221;4_4&#8243; _builder_version=&#8221;4.16&#8243; global_colors_info=&#8221;{}&#8221; theme_builder_area=&#8221;post_content&#8221;][et_pb_text _builder_version=&#8221;4.16&#8243; text_font_size=&#8221;190px&#8221; header_2_font=&#8221;Cormorant Garamond|600|||||||&#8221; header_2_text_color=&#8221;rgba(0,0,0,0.05)&#8221; header_2_font_size=&#8221;190px&#8221; text_orientation=&#8221;center&#8221; custom_margin=&#8221;||-0.35em||false|false&#8221; text_font_size_tablet=&#8221;100px&#8221; text_font_size_phone=&#8221;60px&#8221; text_font_size_last_edited=&#8221;on|tablet&#8221; header_2_font_size_tablet=&#8221;100px&#8221; header_2_font_size_phone=&#8221;60px&#8221; header_2_font_size_last_edited=&#8221;on|phone&#8221; locked=&#8221;off&#8221; global_colors_info=&#8221;{}&#8221; theme_builder_area=&#8221;post_content&#8221;]<\/p>\n<h2>Qualidade<\/h2>\n<p>[\/et_pb_text][et_pb_text _builder_version=&#8221;4.27.2&#8243; header_2_font=&#8221;Josefin Sans|700|||||||&#8221; header_2_font_size=&#8221;50px&#8221; header_2_line_height=&#8221;1.2em&#8221; max_width=&#8221;90%&#8221; module_alignment=&#8221;center&#8221; hover_enabled=&#8221;0&#8243; header_2_font_size_tablet=&#8221;36px&#8221; header_2_font_size_phone=&#8221;24px&#8221; header_2_font_size_last_edited=&#8221;on|phone&#8221; locked=&#8221;off&#8221; global_colors_info=&#8221;{}&#8221; header_2_2_font_size_tablet=&#8221;36px&#8221; header_3_2_font_size_tablet=&#8221;36px&#8221; header_4_2_font_size_tablet=&#8221;36px&#8221; header_5_2_font_size_tablet=&#8221;36px&#8221; header_6_2_font_size_tablet=&#8221;36px&#8221; header_2_2_font_size_phone=&#8221;24px&#8221; header_3_2_font_size_phone=&#8221;24px&#8221; header_4_2_font_size_phone=&#8221;24px&#8221; header_5_2_font_size_phone=&#8221;24px&#8221; header_6_2_font_size_phone=&#8221;24px&#8221; header_2_2_font_size_last_edited=&#8221;on|phone&#8221; header_3_2_font_size_last_edited=&#8221;on|phone&#8221; header_4_2_font_size_last_edited=&#8221;on|phone&#8221; header_5_2_font_size_last_edited=&#8221;on|phone&#8221; header_6_2_font_size_last_edited=&#8221;on|phone&#8221; theme_builder_area=&#8221;post_content&#8221; sticky_enabled=&#8221;0&#8243;]<\/p>\n<h2>O melhor e mais atencioso fabricante de ISBM<\/h2>\n<p>[\/et_pb_text][\/et_pb_column][\/et_pb_row][et_pb_row _builder_version=&#8221;4.27.2&#8243; hover_enabled=&#8221;0&#8243; global_colors_info=&#8221;{}&#8221; column_structure=&#8221;1_2,1_2&#8243; theme_builder_area=&#8221;post_content&#8221; max_width=&#8221;100%&#8221; width=&#8221;90%&#8221; sticky_enabled=&#8221;0&#8243;][et_pb_column type=&#8221;1_2&#8243; _builder_version=&#8221;4.16&#8243; global_colors_info=&#8221;{}&#8221; theme_builder_area=&#8221;post_content&#8221;][et_pb_video thumbnail_overlay_color=&#8221;rgba(0,0,0,0.6)&#8221; _builder_version=&#8221;4.27.2&#8243; max_width=&#8221;700px&#8221; module_alignment=&#8221;right&#8221; hover_enabled=&#8221;0&#8243; global_colors_info=&#8221;{}&#8221; theme_builder_area=&#8221;post_content&#8221; title_text=&#8221;onestepblowmachine-customer-service&#8221; src_webm=&#8221;https:\/\/onestepblowmachine.com\/wp-content\/uploads\/2026\/02\/onestepblowmachine-customer-service.mp4&#8243; sticky_enabled=&#8221;0&#8243;][\/et_pb_video][et_pb_button button_text=&#8221;View Products&#8221; _builder_version=&#8221;4.27.2&#8243; _module_preset=&#8221;default&#8221; theme_builder_area=&#8221;post_content&#8221; button_url=&#8221;https:\/\/onestepblowmachine.com\/&#8221; hover_enabled=&#8221;0&#8243; sticky_enabled=&#8221;0&#8243; custom_button=&#8221;on&#8221; button_text_color=&#8221;#000000&#8243; button_alignment=&#8221;right&#8221;][\/et_pb_button][et_pb_image src=&#8221;https:\/\/onestepblowmachine.com\/wp-content\/uploads\/2026\/02\/Group-4-1.png&#8221; _builder_version=&#8221;4.16&#8243; positioning=&#8221;absolute&#8221; position_origin_a=&#8221;center_left&#8221; locked=&#8221;off&#8221; global_colors_info=&#8221;{}&#8221; theme_builder_area=&#8221;post_content&#8221;][\/et_pb_image][\/et_pb_column][et_pb_column type=&#8221;1_2&#8243; _builder_version=&#8221;4.16&#8243; global_colors_info=&#8221;{}&#8221; theme_builder_area=&#8221;post_content&#8221;][et_pb_text _builder_version=&#8221;4.27.2&#8243; text_font=&#8221;Average||||||||&#8221; text_line_height=&#8221;2em&#8221; module_alignment=&#8221;center&#8221; hover_enabled=&#8221;0&#8243; text_font_size_tablet=&#8221;&#8221; text_font_size_phone=&#8221;18px&#8221; text_font_size_last_edited=&#8221;on|phone&#8221; locked=&#8221;off&#8221; global_colors_info=&#8221;{}&#8221; theme_builder_area=&#8221;post_content&#8221; sticky_enabled=&#8221;0&#8243;]<\/p>\n<p>Nossa f\u00e1brica possui mais de duas d\u00e9cadas de experi\u00eancia na fabrica\u00e7\u00e3o de equipamentos de moldagem de pl\u00e1stico de alta precis\u00e3o e alta demanda. Somos especializados em m\u00e1quinas de moldagem por inje\u00e7\u00e3o e sopro em uma \u00fanica etapa (ISBM), que s\u00e3o fundamentais para a produ\u00e7\u00e3o de uma ampla gama de produtos pl\u00e1sticos ocos, incluindo frascos para cosm\u00e9ticos, alimentos, produtos farmac\u00eauticos e muito mais. Equipadas com tecnologia avan\u00e7ada e sistemas de automa\u00e7\u00e3o, garantimos que podemos atender \u00e0s diversas necessidades de nossos clientes.<\/p>\n<p>Nossas capacidades de fabrica\u00e7\u00e3o s\u00e3o constru\u00eddas sobre inova\u00e7\u00e3o cont\u00ednua, alcan\u00e7ando efici\u00eancia energ\u00e9tica e baixos custos operacionais. Utilizamos sistemas de servomotores, sistemas de controle PLC e componentes de alta qualidade de fornecedores globais renomados. Isso nos permite produzir m\u00e1quinas com desempenho superior, m\u00ednimo desperd\u00edcio e alta precis\u00e3o, garantindo resultados confi\u00e1veis \u200b\u200be consistentes para a produ\u00e7\u00e3o em massa.<\/p>\n<p>Estamos empenhados em fornecer solu\u00e7\u00f5es completas, desde a fabrica\u00e7\u00e3o de m\u00e1quinas at\u00e9 o projeto de moldes, com suporte t\u00e9cnico integral.<\/p>\n<p>[\/et_pb_text][\/et_pb_column][\/et_pb_row][\/et_pb_section][et_pb_section fb_built=&#8221;1&#8243; admin_label=&#8221;About&#8221; _builder_version=&#8221;4.16&#8243; global_colors_info=&#8221;{}&#8221; theme_builder_area=&#8221;post_content&#8221;][et_pb_row _builder_version=&#8221;4.27.2&#8243; hover_enabled=&#8221;0&#8243; locked=&#8221;off&#8221; global_colors_info=&#8221;{}&#8221; theme_builder_area=&#8221;post_content&#8221; max_width=&#8221;100%&#8221; width=&#8221;90%&#8221; sticky_enabled=&#8221;0&#8243;][et_pb_column type=&#8221;4_4&#8243; _builder_version=&#8221;4.16&#8243; global_colors_info=&#8221;{}&#8221; theme_builder_area=&#8221;post_content&#8221;][et_pb_text _builder_version=&#8221;4.27.2&#8243; _module_preset=&#8221;default&#8221; theme_builder_area=&#8221;post_content&#8221; header_2_font_size=&#8221;50px&#8221; border_width_all=&#8221;5px&#8221; box_shadow_style=&#8221;preset4&#8243; max_width=&#8221;50%&#8221; module_alignment=&#8221;center&#8221; header_2_text_align=&#8221;center&#8221; hover_enabled=&#8221;0&#8243; sticky_enabled=&#8221;0&#8243;]<\/p>\n<h2>Por que nos escolher?<\/h2>\n<p>[\/et_pb_text][\/et_pb_column][\/et_pb_row][et_pb_row _builder_version=&#8221;4.27.2&#8243; _module_preset=&#8221;default&#8221; column_structure=&#8221;1_2,1_2&#8243; theme_builder_area=&#8221;post_content&#8221; width=&#8221;90%&#8221; max_width=&#8221;100%&#8221; hover_enabled=&#8221;0&#8243; sticky_enabled=&#8221;0&#8243;][et_pb_column _builder_version=&#8221;4.27.2&#8243; _module_preset=&#8221;default&#8221; type=&#8221;1_2&#8243; theme_builder_area=&#8221;post_content&#8221;][et_pb_blurb title=&#8221;Advanced Automation &#038; Servo Systems&#8221; _builder_version=&#8221;4.27.2&#8243; _module_preset=&#8221;default&#8221; theme_builder_area=&#8221;post_content&#8221; header_level=&#8221;h3&#8243; header_text_color=&#8221;#E09900&#8243; hover_enabled=&#8221;0&#8243; sticky_enabled=&#8221;0&#8243;]<\/p>\n<p>Nossas m\u00e1quinas integram m\u00faltiplos sistemas de servomotores e sistemas de controle PLC para garantir uma produ\u00e7\u00e3o cont\u00ednua e de alta precis\u00e3o. Essa automa\u00e7\u00e3o reduz significativamente o erro humano e aumenta a consist\u00eancia em cada ciclo de produ\u00e7\u00e3o.<\/p>\n<p>[\/et_pb_blurb][et_pb_blurb title=&#8221;Energy Efficiency&#8221; _builder_version=&#8221;4.27.2&#8243; _module_preset=&#8221;default&#8221; theme_builder_area=&#8221;post_content&#8221; header_level=&#8221;h3&#8243; header_text_color=&#8221;#E09900&#8243; hover_enabled=&#8221;0&#8243; sticky_enabled=&#8221;0&#8243; locked=&#8221;off&#8221;]<\/p>\n<p>Ao empregar a tecnologia de aquecimento por nano-infravermelho distante com economia de energia e eliminar a necessidade de aquecimento secund\u00e1rio das pr\u00e9-formas, alcan\u00e7amos uma economia de energia de at\u00e9 40% em compara\u00e7\u00e3o com os m\u00e9todos tradicionais.<\/p>\n<p>[\/et_pb_blurb][et_pb_blurb title=&#8221;Superior Material Handling&#8221; _builder_version=&#8221;4.27.2&#8243; _module_preset=&#8221;default&#8221; theme_builder_area=&#8221;post_content&#8221; header_level=&#8221;h3&#8243; header_text_color=&#8221;#E09900&#8243; hover_enabled=&#8221;0&#8243; sticky_enabled=&#8221;0&#8243; locked=&#8221;off&#8221;]<\/p>\n<p>Nossos equipamentos s\u00e3o projetados para lidar com uma ampla gama de materiais, incluindo PET, PETG, PP, PC, Tritan e muitos outros. Essa versatilidade torna nossas m\u00e1quinas ideais para a produ\u00e7\u00e3o de uma vasta gama de produtos, desde embalagens de cosm\u00e9ticos at\u00e9 recipientes para alimentos e produtos farmac\u00eauticos.<\/p>\n<p>[\/et_pb_blurb][et_pb_blurb title=&#8221;Advanced Automation &#038; Servo Systems&#8221; _builder_version=&#8221;4.27.2&#8243; _module_preset=&#8221;default&#8221; theme_builder_area=&#8221;post_content&#8221; header_level=&#8221;h3&#8243; header_text_color=&#8221;#E09900&#8243; hover_enabled=&#8221;0&#8243; sticky_enabled=&#8221;0&#8243; locked=&#8221;off&#8221;]<\/p>\n<p>Nossas m\u00e1quinas integram m\u00faltiplos sistemas de servomotores e sistemas de controle PLC para garantir uma produ\u00e7\u00e3o cont\u00ednua e de alta precis\u00e3o. Essa automa\u00e7\u00e3o reduz significativamente o erro humano e aumenta a consist\u00eancia em cada ciclo de produ\u00e7\u00e3o.<\/p>\n<p>[\/et_pb_blurb][et_pb_blurb title=&#8221;High Precision and Stability&#8221; _builder_version=&#8221;4.27.2&#8243; _module_preset=&#8221;default&#8221; theme_builder_area=&#8221;post_content&#8221; header_level=&#8221;h3&#8243; header_text_color=&#8221;#E09900&#8243; hover_enabled=&#8221;0&#8243; sticky_enabled=&#8221;0&#8243; locked=&#8221;off&#8221;]<\/p>\n<p>Com sistemas avan\u00e7ados de aquecimento de rosca e fechamento de moldes, nossas m\u00e1quinas garantem uma produ\u00e7\u00e3o consistente de alta qualidade com o m\u00ednimo de desperd\u00edcio. Oferecemos controle preciso da temperatura do molde e altas for\u00e7as de fechamento por sopro, resultando em produtos com excelente precis\u00e3o dimensional e propriedades do material.<\/p>\n<p>[\/et_pb_blurb][\/et_pb_column][et_pb_column _builder_version=&#8221;4.27.2&#8243; _module_preset=&#8221;default&#8221; type=&#8221;1_2&#8243; theme_builder_area=&#8221;post_content&#8221;][et_pb_image src=&#8221;https:\/\/onestepblowmachine.com\/wp-content\/uploads\/2026\/02\/onestepblowmachine-about-us3.webp&#8221; _builder_version=&#8221;4.27.2&#8243; _module_preset=&#8221;default&#8221; theme_builder_area=&#8221;post_content&#8221; alt=&#8221;onestepblowmachine-about-us3&#8243; title_text=&#8221;onestepblowmachine-about-us3&#8243; hover_enabled=&#8221;0&#8243; sticky_enabled=&#8221;0&#8243;][\/et_pb_image][\/et_pb_column][\/et_pb_row][et_pb_row _builder_version=&#8221;4.27.2&#8243; _module_preset=&#8221;default&#8221; theme_builder_area=&#8221;post_content&#8221;][et_pb_column _builder_version=&#8221;4.27.2&#8243; _module_preset=&#8221;default&#8221; type=&#8221;4_4&#8243; theme_builder_area=&#8221;post_content&#8221;][et_pb_text _builder_version=&#8221;4.27.2&#8243; _module_preset=&#8221;default&#8221; theme_builder_area=&#8221;post_content&#8221; header_2_font_size=&#8221;50px&#8221; sticky_enabled=&#8221;0&#8243; border_width_all=&#8221;5px&#8221; box_shadow_style=&#8221;preset4&#8243; max_width=&#8221;50%&#8221; module_alignment=&#8221;center&#8221; header_2_text_align=&#8221;center&#8221;]<\/p>\n<h2>Exposi\u00e7\u00e3o da Oficina<\/h2>\n<p>[\/et_pb_text][\/et_pb_column][\/et_pb_row][et_pb_row _builder_version=&#8221;4.27.2&#8243; _module_preset=&#8221;default&#8221; column_structure=&#8221;1_3,1_3,1_3&#8243; theme_builder_area=&#8221;post_content&#8221; width=&#8221;90%&#8221; max_width=&#8221;100%&#8221; hover_enabled=&#8221;0&#8243; sticky_enabled=&#8221;0&#8243;][et_pb_column _builder_version=&#8221;4.27.2&#8243; _module_preset=&#8221;default&#8221; type=&#8221;1_3&#8243; theme_builder_area=&#8221;post_content&#8221;][et_pb_image src=&#8221;https:\/\/onestepblowmachine.com\/wp-content\/uploads\/2026\/02\/onestepblowmachine-about-us.webp&#8221; _builder_version=&#8221;4.27.2&#8243; _module_preset=&#8221;default&#8221; theme_builder_area=&#8221;post_content&#8221; alt=&#8221;onestepblowmachine-about-us&#8221; title_text=&#8221;onestepblowmachine-about-us&#8221; hover_enabled=&#8221;0&#8243; sticky_enabled=&#8221;0&#8243;][\/et_pb_image][\/et_pb_column][et_pb_column _builder_version=&#8221;4.27.2&#8243; _module_preset=&#8221;default&#8221; type=&#8221;1_3&#8243; theme_builder_area=&#8221;post_content&#8221;][et_pb_image src=&#8221;https:\/\/onestepblowmachine.com\/wp-content\/uploads\/2026\/02\/onestepblowmachine-about-us2-scaled.webp&#8221; _builder_version=&#8221;4.27.2&#8243; _module_preset=&#8221;default&#8221; theme_builder_area=&#8221;post_content&#8221; alt=&#8221;onestepblowmachine-about-us2&#8243; title_text=&#8221;onestepblowmachine-about-us2&#8243; hover_enabled=&#8221;0&#8243; sticky_enabled=&#8221;0&#8243;][\/et_pb_image][\/et_pb_column][et_pb_column _builder_version=&#8221;4.27.2&#8243; _module_preset=&#8221;default&#8221; type=&#8221;1_3&#8243; theme_builder_area=&#8221;post_content&#8221;][et_pb_button button_text=&#8221;GET QUOTE&#8221; _builder_version=&#8221;4.27.2&#8243; _module_preset=&#8221;default&#8221; theme_builder_area=&#8221;post_content&#8221; button_url=&#8221;https:\/\/onestepblowmachine.com\/contact-us&#8221; button_alignment=&#8221;center&#8221; custom_button=&#8221;on&#8221; button_text_color=&#8221;#0C71C3&#8243; button_icon=&#8221;&#xe01a;||divi||400&#8243; box_shadow_style=&#8221;preset4&#8243; custom_margin=&#8221;10vh||||false|false&#8221; hover_enabled=&#8221;0&#8243; sticky_enabled=&#8221;0&#8243;][\/et_pb_button][\/et_pb_column][\/et_pb_row][et_pb_row _builder_version=&#8221;4.27.2&#8243; _module_preset=&#8221;default&#8221; column_structure=&#8221;1_2,1_2&#8243; theme_builder_area=&#8221;post_content&#8221; width=&#8221;90%&#8221; max_width=&#8221;100%&#8221; hover_enabled=&#8221;0&#8243; sticky_enabled=&#8221;0&#8243;][et_pb_column _builder_version=&#8221;4.27.2&#8243; _module_preset=&#8221;default&#8221; type=&#8221;1_2&#8243; theme_builder_area=&#8221;post_content&#8221;][et_pb_image src=&#8221;https:\/\/onestepblowmachine.com\/wp-content\/uploads\/2026\/02\/onestepblowmachine-about-us4.webp&#8221; _builder_version=&#8221;4.27.2&#8243; _module_preset=&#8221;default&#8221; theme_builder_area=&#8221;post_content&#8221; alt=&#8221;onestepblowmachine-about-us4&#8243; title_text=&#8221;onestepblowmachine-about-us4&#8243; hover_enabled=&#8221;0&#8243; sticky_enabled=&#8221;0&#8243;][\/et_pb_image][\/et_pb_column][et_pb_column _builder_version=&#8221;4.27.2&#8243; _module_preset=&#8221;default&#8221; type=&#8221;1_2&#8243; theme_builder_area=&#8221;post_content&#8221;][et_pb_image src=&#8221;https:\/\/onestepblowmachine.com\/wp-content\/uploads\/2026\/02\/onestepblowmachine-products-show2.webp&#8221; _builder_version=&#8221;4.27.2&#8243; _module_preset=&#8221;default&#8221; theme_builder_area=&#8221;post_content&#8221; alt=&#8221;onestepblowmachine-products-show2&#8243; title_text=&#8221;onestepblowmachine-products-show2&#8243; hover_enabled=&#8221;0&#8243; sticky_enabled=&#8221;0&#8243;][\/et_pb_image][\/et_pb_column][\/et_pb_row][\/et_pb_section][et_pb_section fb_built=&#8221;1&#8243; _builder_version=&#8221;4.27.2&#8243; _module_preset=&#8221;default&#8221; global_colors_info=&#8221;{}&#8221; locked=&#8221;off&#8221; theme_builder_area=&#8221;post_content&#8221;][et_pb_row admin_label=&#8221;Services Title&#8221; _builder_version=&#8221;4.27.2&#8243; global_colors_info=&#8221;{}&#8221; theme_builder_area=&#8221;post_content&#8221;][et_pb_column type=&#8221;4_4&#8243; _builder_version=&#8221;4.27.2&#8243; custom_padding=&#8221;|||&#8221; global_colors_info=&#8221;{}&#8221; custom_padding__hover=&#8221;|||&#8221; theme_builder_area=&#8221;post_content&#8221;][et_pb_text admin_label=&#8221;Title&#8221; _builder_version=&#8221;4.27.2&#8243; text_font=&#8221;||||||||&#8221; header_font=&#8221;||||||||&#8221; header_2_font=&#8221;Vast Shadow|500||||on|||&#8221; header_2_font_size=&#8221;40px&#8221; header_2_letter_spacing=&#8221;1px&#8221; header_2_line_height=&#8221;1.4em&#8221; text_orientation=&#8221;center&#8221; custom_margin=&#8221;|||&#8221; animation_style=&#8221;fold&#8221; animation_direction=&#8221;bottom&#8221; animation_intensity_fold=&#8221;10%&#8221; animation_starting_opacity=&#8221;100%&#8221; header_2_font_size_tablet=&#8221;28px&#8221; header_2_font_size_phone=&#8221;22px&#8221; header_2_font_size_last_edited=&#8221;on|tablet&#8221; global_colors_info=&#8221;{}&#8221; header_2_2_font_size_tablet=&#8221;28px&#8221; header_3_2_font_size_tablet=&#8221;28px&#8221; header_4_2_font_size_tablet=&#8221;28px&#8221; header_5_2_font_size_tablet=&#8221;28px&#8221; header_6_2_font_size_tablet=&#8221;28px&#8221; header_2_2_font_size_phone=&#8221;22px&#8221; header_3_2_font_size_phone=&#8221;22px&#8221; header_4_2_font_size_phone=&#8221;22px&#8221; header_5_2_font_size_phone=&#8221;22px&#8221; header_6_2_font_size_phone=&#8221;22px&#8221; header_2_2_font_size_last_edited=&#8221;on|phone&#8221; header_3_2_font_size_last_edited=&#8221;on|phone&#8221; header_4_2_font_size_last_edited=&#8221;on|phone&#8221; header_5_2_font_size_last_edited=&#8221;on|phone&#8221; header_6_2_font_size_last_edited=&#8221;on|phone&#8221; theme_builder_area=&#8221;post_content&#8221;]<\/p>\n<h2>O que <strong>Moldes de sopro por estiramento por inje\u00e7\u00e3o em uma \u00fanica etapa<\/strong> Oferecemos<\/h2>\n<p>[\/et_pb_text][\/et_pb_column][\/et_pb_row][et_pb_row _builder_version=&#8221;4.27.2&#8243; _module_preset=&#8221;default&#8221; width=&#8221;90%&#8221; max_width=&#8221;100%&#8221; locked=&#8221;off&#8221; global_colors_info=&#8221;{}&#8221; theme_builder_area=&#8221;post_content&#8221;][et_pb_column type=&#8221;4_4&#8243; _builder_version=&#8221;4.27.2&#8243; _module_preset=&#8221;default&#8221; global_colors_info=&#8221;{}&#8221; theme_builder_area=&#8221;post_content&#8221;][et_pb_image src=&#8221;https:\/\/onestepblowmachine.com\/wp-content\/uploads\/2026\/02\/onestepblowmachine-One-step-Injection-Stretch-Blowing-Mould-introduce.webp&#8221; alt=&#8221;onestepblowmachine-One-step Injection Stretch Blowing Mould-introduce&#8221; title_text=&#8221;onestepblowmachine-One-step Injection Stretch Blowing Mould-introduce&#8221; _builder_version=&#8221;4.27.2&#8243; _module_preset=&#8221;default&#8221; global_colors_info=&#8221;{}&#8221; theme_builder_area=&#8221;post_content&#8221;][\/et_pb_image][\/et_pb_column][\/et_pb_row][\/et_pb_section]<\/p>","protected":false},"excerpt":{"rendered":"<p>UsAbout UsQualityThe best and most considerate ISBM manufacturerOur factory boasts over two decades of expertise in manufacturing high-precision, high-demand plastic molding equipment. We specialize in one-step injection stretch blow molding machines (ISBM), which are pivotal for producing a wide range of hollow plastic products, including bottles for cosmetics, food, pharmaceuticals, and more. Equipped with advanced [&hellip;]<\/p>","protected":false},"author":1,"featured_media":0,"parent":0,"menu_order":0,"comment_status":"closed","ping_status":"closed","template":"","meta":{"_et_pb_use_builder":"on","_et_pb_old_content":"","_et_gb_content_width":"","footnotes":""},"class_list":["post-109","page","type-page","status-publish","hentry"],"_links":{"self":[{"href":"https:\/\/onestepblowmachine.com\/pt\/wp-json\/wp\/v2\/pages\/109","targetHints":{"allow":["GET"]}}],"collection":[{"href":"https:\/\/onestepblowmachine.com\/pt\/wp-json\/wp\/v2\/pages"}],"about":[{"href":"https:\/\/onestepblowmachine.com\/pt\/wp-json\/wp\/v2\/types\/page"}],"author":[{"embeddable":true,"href":"https:\/\/onestepblowmachine.com\/pt\/wp-json\/wp\/v2\/users\/1"}],"replies":[{"embeddable":true,"href":"https:\/\/onestepblowmachine.com\/pt\/wp-json\/wp\/v2\/comments?post=109"}],"version-history":[{"count":2,"href":"https:\/\/onestepblowmachine.com\/pt\/wp-json\/wp\/v2\/pages\/109\/revisions"}],"predecessor-version":[{"id":142,"href":"https:\/\/onestepblowmachine.com\/pt\/wp-json\/wp\/v2\/pages\/109\/revisions\/142"}],"wp:attachment":[{"href":"https:\/\/onestepblowmachine.com\/pt\/wp-json\/wp\/v2\/media?parent=109"}],"curies":[{"name":"wp","href":"https:\/\/api.w.org\/{rel}","templated":true}]}}