{"id":136,"date":"2026-02-11T09:37:40","date_gmt":"2026-02-11T09:37:40","guid":{"rendered":"https:\/\/onestepblowmachine.com\/?page_id=136"},"modified":"2026-02-11T09:37:40","modified_gmt":"2026-02-11T09:37:40","slug":"skontaktuj-sie-z-nami","status":"publish","type":"page","link":"https:\/\/onestepblowmachine.com\/pl\/skontaktuj-sie-z-nami\/","title":{"rendered":"Skontaktuj si\u0119 z nami"},"content":{"rendered":"<p>Jako jeden z producent\u00f3w, dostawc\u00f3w i eksporter\u00f3w wyrob\u00f3w mechanicznych ISBM, oferujemy ISBM i wiele innych produkt\u00f3w.<br \/>\nSkontaktuj si\u0119 z nami, aby uzyska\u0107 szczeg\u00f3\u0142owe informacje.<\/p>\n<p>Poczta:<a href=\"mailto:sales@onestepblowmachine.com\">sales@onestepblowmachine.com<\/a><\/p>\n<p>Producent, dostawca, eksporter ISBM.<\/p>\n<p>Specjalizujemy si\u0119 w produkcji przek\u0142adni rolniczych, wa\u0142k\u00f3w odbioru mocy, k\u00f3\u0142 \u0142a\u0144cuchowych, sprz\u0119gie\u0142 hydraulicznych, przek\u0142adni \u015blimakowych, k\u00f3\u0142 z\u0119batych i listew z\u0119batych, \u0142a\u0144cuch\u00f3w rolkowych, k\u00f3\u0142 pasowych i k\u00f3\u0142 pasowych, przek\u0142adni planetarnych, k\u00f3\u0142 pasowych rozrz\u0105du, ko\u0142nierzy wa\u0142\u00f3w i wielu innych.<\/p>\n<p>Eksportujemy nasze produkty do klient\u00f3w na ca\u0142ym \u015bwiecie i zyskali\u015bmy dobr\u0105 reputacj\u0119 dzi\u0119ki wysokiej jako\u015bci produkt\u00f3w i obs\u0142udze posprzeda\u017cowej.<\/p>\n<p>Serdecznie zapraszamy klient\u00f3w z kraju i zagranicy do kontaktu z nami w celu negocjacji handlowych, wymiany informacji i wsp\u00f3\u0142pracy.<\/p>","protected":false},"excerpt":{"rendered":"<p>As one of the ISBM manufacturers, suppliers, and exporters of mechanical products, we offer ISBM and many other products. Please get in touch with us for details. Mail:sales@onestepblowmachine.com Manufacturer, supplier, exporter of ISBM. We specialize in the production of Agricultural Gearbox, PTO Shafts, Sprockets, Fluid Coupling, Worm Gear Reducers, Gears and racks, Roller Chains, Sheave [&hellip;]<\/p>","protected":false},"author":1,"featured_media":0,"parent":0,"menu_order":0,"comment_status":"closed","ping_status":"closed","template":"","meta":{"_et_pb_use_builder":"","_et_pb_old_content":"","_et_gb_content_width":"","footnotes":""},"class_list":["post-136","page","type-page","status-publish","hentry"],"_links":{"self":[{"href":"https:\/\/onestepblowmachine.com\/pl\/wp-json\/wp\/v2\/pages\/136","targetHints":{"allow":["GET"]}}],"collection":[{"href":"https:\/\/onestepblowmachine.com\/pl\/wp-json\/wp\/v2\/pages"}],"about":[{"href":"https:\/\/onestepblowmachine.com\/pl\/wp-json\/wp\/v2\/types\/page"}],"author":[{"embeddable":true,"href":"https:\/\/onestepblowmachine.com\/pl\/wp-json\/wp\/v2\/users\/1"}],"replies":[{"embeddable":true,"href":"https:\/\/onestepblowmachine.com\/pl\/wp-json\/wp\/v2\/comments?post=136"}],"version-history":[{"count":1,"href":"https:\/\/onestepblowmachine.com\/pl\/wp-json\/wp\/v2\/pages\/136\/revisions"}],"predecessor-version":[{"id":137,"href":"https:\/\/onestepblowmachine.com\/pl\/wp-json\/wp\/v2\/pages\/136\/revisions\/137"}],"wp:attachment":[{"href":"https:\/\/onestepblowmachine.com\/pl\/wp-json\/wp\/v2\/media?parent=136"}],"curies":[{"name":"wp","href":"https:\/\/api.w.org\/{rel}","templated":true}]}}