{"id":109,"date":"2026-02-11T07:56:57","date_gmt":"2026-02-11T07:56:57","guid":{"rendered":"https:\/\/onestepblowmachine.com\/?page_id=109"},"modified":"2026-02-11T09:52:29","modified_gmt":"2026-02-11T09:52:29","slug":"o-nas","status":"publish","type":"page","link":"https:\/\/onestepblowmachine.com\/pl\/o-nas\/","title":{"rendered":"O nas"},"content":{"rendered":"<p>[et_pb_section fb_built=&#8221;1&#8243; admin_label=&#8221;Header&#8221; _builder_version=&#8221;4.27.2&#8243; parallax=&#8221;on&#8221; hover_enabled=&#8221;0&#8243; locked=&#8221;off&#8221; global_colors_info=&#8221;{}&#8221; theme_builder_area=&#8221;post_content&#8221; sticky_enabled=&#8221;0&#8243; background_enable_image=&#8221;off&#8221;][et_pb_row _builder_version=&#8221;4.16&#8243; locked=&#8221;off&#8221; global_colors_info=&#8221;{}&#8221; theme_builder_area=&#8221;post_content&#8221;][et_pb_column type=&#8221;4_4&#8243; saved_specialty_column_type=&#8221;2_3&#8243; _builder_version=&#8221;4.16&#8243; global_colors_info=&#8221;{}&#8221; theme_builder_area=&#8221;post_content&#8221;][et_pb_text _builder_version=&#8221;4.16&#8243; text_font=&#8221;Cormorant Garamond|700|||||||&#8221; text_text_color=&#8221;rgba(0,0,0,0.04)&#8221; text_font_size=&#8221;180px&#8221; text_line_height=&#8221;1em&#8221; position_origin_a=&#8221;top_center&#8221; custom_margin=&#8221;||-0.4em|-5vw|false|false&#8221; text_font_size_tablet=&#8221;120px&#8221; text_font_size_phone=&#8221;80px&#8221; text_font_size_last_edited=&#8221;on|phone&#8221; locked=&#8221;off&#8221; global_colors_info=&#8221;{}&#8221; theme_builder_area=&#8221;post_content&#8221;]<\/p>\n<p>Nas<\/p>\n<p>[\/et_pb_text][et_pb_text _builder_version=&#8221;4.27.2&#8243; header_font=&#8221;Josefin Sans|600|||||||&#8221; header_font_size=&#8221;80px&#8221; header_letter_spacing=&#8221;-0.05em&#8221; hover_enabled=&#8221;0&#8243; header_font_size_tablet=&#8221;56px&#8221; header_font_size_phone=&#8221;40px&#8221; header_font_size_last_edited=&#8221;on|phone&#8221; locked=&#8221;off&#8221; global_colors_info=&#8221;{}&#8221; theme_builder_area=&#8221;post_content&#8221; sticky_enabled=&#8221;0&#8243;]<\/p>\n<h1>O nas<\/h1>\n<p>[\/et_pb_text][\/et_pb_column][\/et_pb_row][\/et_pb_section][et_pb_section fb_built=&#8221;1&#8243; admin_label=&#8221;Video&#8221; _builder_version=&#8221;4.16&#8243; global_colors_info=&#8221;{}&#8221; theme_builder_area=&#8221;post_content&#8221;][et_pb_row _builder_version=&#8221;4.16&#8243; locked=&#8221;off&#8221; global_colors_info=&#8221;{}&#8221; theme_builder_area=&#8221;post_content&#8221;][et_pb_column type=&#8221;4_4&#8243; _builder_version=&#8221;4.16&#8243; global_colors_info=&#8221;{}&#8221; theme_builder_area=&#8221;post_content&#8221;][et_pb_text _builder_version=&#8221;4.16&#8243; text_font_size=&#8221;190px&#8221; header_2_font=&#8221;Cormorant Garamond|600|||||||&#8221; header_2_text_color=&#8221;rgba(0,0,0,0.05)&#8221; header_2_font_size=&#8221;190px&#8221; text_orientation=&#8221;center&#8221; custom_margin=&#8221;||-0.35em||false|false&#8221; text_font_size_tablet=&#8221;100px&#8221; text_font_size_phone=&#8221;60px&#8221; text_font_size_last_edited=&#8221;on|tablet&#8221; header_2_font_size_tablet=&#8221;100px&#8221; header_2_font_size_phone=&#8221;60px&#8221; header_2_font_size_last_edited=&#8221;on|phone&#8221; locked=&#8221;off&#8221; global_colors_info=&#8221;{}&#8221; theme_builder_area=&#8221;post_content&#8221;]<\/p>\n<h2>Jako\u015b\u0107<\/h2>\n<p>[\/et_pb_text][et_pb_text _builder_version=&#8221;4.27.2&#8243; header_2_font=&#8221;Josefin Sans|700|||||||&#8221; header_2_font_size=&#8221;50px&#8221; header_2_line_height=&#8221;1.2em&#8221; max_width=&#8221;90%&#8221; module_alignment=&#8221;center&#8221; hover_enabled=&#8221;0&#8243; header_2_font_size_tablet=&#8221;36px&#8221; header_2_font_size_phone=&#8221;24px&#8221; header_2_font_size_last_edited=&#8221;on|phone&#8221; locked=&#8221;off&#8221; global_colors_info=&#8221;{}&#8221; header_2_2_font_size_tablet=&#8221;36px&#8221; header_3_2_font_size_tablet=&#8221;36px&#8221; header_4_2_font_size_tablet=&#8221;36px&#8221; header_5_2_font_size_tablet=&#8221;36px&#8221; header_6_2_font_size_tablet=&#8221;36px&#8221; header_2_2_font_size_phone=&#8221;24px&#8221; header_3_2_font_size_phone=&#8221;24px&#8221; header_4_2_font_size_phone=&#8221;24px&#8221; header_5_2_font_size_phone=&#8221;24px&#8221; header_6_2_font_size_phone=&#8221;24px&#8221; header_2_2_font_size_last_edited=&#8221;on|phone&#8221; header_3_2_font_size_last_edited=&#8221;on|phone&#8221; header_4_2_font_size_last_edited=&#8221;on|phone&#8221; header_5_2_font_size_last_edited=&#8221;on|phone&#8221; header_6_2_font_size_last_edited=&#8221;on|phone&#8221; theme_builder_area=&#8221;post_content&#8221; sticky_enabled=&#8221;0&#8243;]<\/p>\n<h2>Najlepszy i najbardziej troskliwy producent ISBM<\/h2>\n<p>[\/et_pb_text][\/et_pb_column][\/et_pb_row][et_pb_row _builder_version=&#8221;4.27.2&#8243; hover_enabled=&#8221;0&#8243; global_colors_info=&#8221;{}&#8221; column_structure=&#8221;1_2,1_2&#8243; theme_builder_area=&#8221;post_content&#8221; max_width=&#8221;100%&#8221; width=&#8221;90%&#8221; sticky_enabled=&#8221;0&#8243;][et_pb_column type=&#8221;1_2&#8243; _builder_version=&#8221;4.16&#8243; global_colors_info=&#8221;{}&#8221; theme_builder_area=&#8221;post_content&#8221;][et_pb_video thumbnail_overlay_color=&#8221;rgba(0,0,0,0.6)&#8221; _builder_version=&#8221;4.27.2&#8243; max_width=&#8221;700px&#8221; module_alignment=&#8221;right&#8221; hover_enabled=&#8221;0&#8243; global_colors_info=&#8221;{}&#8221; theme_builder_area=&#8221;post_content&#8221; title_text=&#8221;onestepblowmachine-customer-service&#8221; src_webm=&#8221;https:\/\/onestepblowmachine.com\/wp-content\/uploads\/2026\/02\/onestepblowmachine-customer-service.mp4&#8243; sticky_enabled=&#8221;0&#8243;][\/et_pb_video][et_pb_button button_text=&#8221;View Products&#8221; _builder_version=&#8221;4.27.2&#8243; _module_preset=&#8221;default&#8221; theme_builder_area=&#8221;post_content&#8221; button_url=&#8221;https:\/\/onestepblowmachine.com\/&#8221; hover_enabled=&#8221;0&#8243; sticky_enabled=&#8221;0&#8243; custom_button=&#8221;on&#8221; button_text_color=&#8221;#000000&#8243; button_alignment=&#8221;right&#8221;][\/et_pb_button][et_pb_image src=&#8221;https:\/\/onestepblowmachine.com\/wp-content\/uploads\/2026\/02\/Group-4-1.png&#8221; _builder_version=&#8221;4.16&#8243; positioning=&#8221;absolute&#8221; position_origin_a=&#8221;center_left&#8221; locked=&#8221;off&#8221; global_colors_info=&#8221;{}&#8221; theme_builder_area=&#8221;post_content&#8221;][\/et_pb_image][\/et_pb_column][et_pb_column type=&#8221;1_2&#8243; _builder_version=&#8221;4.16&#8243; global_colors_info=&#8221;{}&#8221; theme_builder_area=&#8221;post_content&#8221;][et_pb_text _builder_version=&#8221;4.27.2&#8243; text_font=&#8221;Average||||||||&#8221; text_line_height=&#8221;2em&#8221; module_alignment=&#8221;center&#8221; hover_enabled=&#8221;0&#8243; text_font_size_tablet=&#8221;&#8221; text_font_size_phone=&#8221;18px&#8221; text_font_size_last_edited=&#8221;on|phone&#8221; locked=&#8221;off&#8221; global_colors_info=&#8221;{}&#8221; theme_builder_area=&#8221;post_content&#8221; sticky_enabled=&#8221;0&#8243;]<\/p>\n<p>Nasza fabryka mo\u017ce pochwali\u0107 si\u0119 ponad dwudziestoletnim do\u015bwiadczeniem w produkcji precyzyjnych i wymagaj\u0105cych urz\u0105dze\u0144 do formowania tworzyw sztucznych. Specjalizujemy si\u0119 w jednoetapowych maszynach do formowania wtryskowego z rozci\u0105ganiem i rozdmuchiwaniem (ISBM), kt\u00f3re s\u0105 kluczowe w produkcji szerokiej gamy pustych w \u015brodku produkt\u00f3w z tworzyw sztucznych, w tym butelek na kosmetyki, \u017cywno\u015b\u0107, produkty farmaceutyczne i inne. Wyposa\u017cone w zaawansowane technologie i systemy automatyzacji, jeste\u015bmy w stanie sprosta\u0107 zr\u00f3\u017cnicowanym potrzebom naszych klient\u00f3w.<\/p>\n<p>Nasze mo\u017cliwo\u015bci produkcyjne opieraj\u0105 si\u0119 na ci\u0105g\u0142ych innowacjach, kt\u00f3re zapewniaj\u0105 zar\u00f3wno efektywno\u015b\u0107 energetyczn\u0105, jak i niskie koszty eksploatacji. Wykorzystujemy systemy serwomotor\u00f3w, systemy sterowania PLC oraz wysokiej jako\u015bci komponenty od renomowanych \u015bwiatowych dostawc\u00f3w. Pozwala nam to produkowa\u0107 maszyny o doskona\u0142ej wydajno\u015bci, minimalnej ilo\u015bci odpad\u00f3w i wysokiej precyzji, gwarantuj\u0105c niezawodne i powtarzalne rezultaty w produkcji masowej.<\/p>\n<p>Zajmujemy si\u0119 dostarczaniem kompleksowych rozwi\u0105za\u0144 \u2013 od produkcji maszyn po projektowanie form \u2013 oferuj\u0105c pe\u0142ne wsparcie techniczne.<\/p>\n<p>[\/et_pb_text][\/et_pb_column][\/et_pb_row][\/et_pb_section][et_pb_section fb_built=&#8221;1&#8243; admin_label=&#8221;About&#8221; _builder_version=&#8221;4.16&#8243; global_colors_info=&#8221;{}&#8221; theme_builder_area=&#8221;post_content&#8221;][et_pb_row _builder_version=&#8221;4.27.2&#8243; hover_enabled=&#8221;0&#8243; locked=&#8221;off&#8221; global_colors_info=&#8221;{}&#8221; theme_builder_area=&#8221;post_content&#8221; max_width=&#8221;100%&#8221; width=&#8221;90%&#8221; sticky_enabled=&#8221;0&#8243;][et_pb_column type=&#8221;4_4&#8243; _builder_version=&#8221;4.16&#8243; global_colors_info=&#8221;{}&#8221; theme_builder_area=&#8221;post_content&#8221;][et_pb_text _builder_version=&#8221;4.27.2&#8243; _module_preset=&#8221;default&#8221; theme_builder_area=&#8221;post_content&#8221; header_2_font_size=&#8221;50px&#8221; border_width_all=&#8221;5px&#8221; box_shadow_style=&#8221;preset4&#8243; max_width=&#8221;50%&#8221; module_alignment=&#8221;center&#8221; header_2_text_align=&#8221;center&#8221; hover_enabled=&#8221;0&#8243; sticky_enabled=&#8221;0&#8243;]<\/p>\n<h2>Dlaczego warto nas wybra\u0107?<\/h2>\n<p>[\/et_pb_text][\/et_pb_column][\/et_pb_row][et_pb_row _builder_version=&#8221;4.27.2&#8243; _module_preset=&#8221;default&#8221; column_structure=&#8221;1_2,1_2&#8243; theme_builder_area=&#8221;post_content&#8221; width=&#8221;90%&#8221; max_width=&#8221;100%&#8221; hover_enabled=&#8221;0&#8243; sticky_enabled=&#8221;0&#8243;][et_pb_column _builder_version=&#8221;4.27.2&#8243; _module_preset=&#8221;default&#8221; type=&#8221;1_2&#8243; theme_builder_area=&#8221;post_content&#8221;][et_pb_blurb title=&#8221;Advanced Automation &#038; Servo Systems&#8221; _builder_version=&#8221;4.27.2&#8243; _module_preset=&#8221;default&#8221; theme_builder_area=&#8221;post_content&#8221; header_level=&#8221;h3&#8243; header_text_color=&#8221;#E09900&#8243; hover_enabled=&#8221;0&#8243; sticky_enabled=&#8221;0&#8243;]<\/p>\n<p>Nasze maszyny integruj\u0105 wiele system\u00f3w serwomotor\u00f3w i system\u00f3w sterowania PLC, aby zapewni\u0107 p\u0142ynn\u0105 i precyzyjn\u0105 produkcj\u0119. Ta automatyzacja znacz\u0105co redukuje b\u0142\u0119dy ludzkie i zwi\u0119ksza sp\u00f3jno\u015b\u0107 w ka\u017cdym cyklu produkcyjnym.<\/p>\n<p>[\/et_pb_blurb][et_pb_blurb title=&#8221;Energy Efficiency&#8221; _builder_version=&#8221;4.27.2&#8243; _module_preset=&#8221;default&#8221; theme_builder_area=&#8221;post_content&#8221; header_level=&#8221;h3&#8243; header_text_color=&#8221;#E09900&#8243; hover_enabled=&#8221;0&#8243; sticky_enabled=&#8221;0&#8243; locked=&#8221;off&#8221;]<\/p>\n<p>Dzi\u0119ki zastosowaniu energooszcz\u0119dnej technologii ogrzewania nano-dalekiej podczerwieni i wyeliminowaniu potrzeby wt\u00f3rnego ogrzewania preform, osi\u0105gamy oszcz\u0119dno\u015b\u0107 energii si\u0119gaj\u0105c\u0105 40% w por\u00f3wnaniu z tradycyjnymi metodami<\/p>\n<p>[\/et_pb_blurb][et_pb_blurb title=&#8221;Superior Material Handling&#8221; _builder_version=&#8221;4.27.2&#8243; _module_preset=&#8221;default&#8221; theme_builder_area=&#8221;post_content&#8221; header_level=&#8221;h3&#8243; header_text_color=&#8221;#E09900&#8243; hover_enabled=&#8221;0&#8243; sticky_enabled=&#8221;0&#8243; locked=&#8221;off&#8221;]<\/p>\n<p>Nasze urz\u0105dzenia s\u0105 zaprojektowane do obs\u0142ugi szerokiej gamy materia\u0142\u00f3w, w tym PET, PETG, PP, PC, Tritan i innych. Ta wszechstronno\u015b\u0107 sprawia, \u017ce \u200b\u200bnasze maszyny idealnie nadaj\u0105 si\u0119 do produkcji szerokiej gamy produkt\u00f3w, od opakowa\u0144 kosmetycznych po pojemniki do \u017cywno\u015bci i farmaceutyk\u00f3w.<\/p>\n<p>[\/et_pb_blurb][et_pb_blurb title=&#8221;Advanced Automation &#038; Servo Systems&#8221; _builder_version=&#8221;4.27.2&#8243; _module_preset=&#8221;default&#8221; theme_builder_area=&#8221;post_content&#8221; header_level=&#8221;h3&#8243; header_text_color=&#8221;#E09900&#8243; hover_enabled=&#8221;0&#8243; sticky_enabled=&#8221;0&#8243; locked=&#8221;off&#8221;]<\/p>\n<p>Nasze maszyny integruj\u0105 wiele system\u00f3w serwomotor\u00f3w i system\u00f3w sterowania PLC, aby zapewni\u0107 p\u0142ynn\u0105 i precyzyjn\u0105 produkcj\u0119. Ta automatyzacja znacz\u0105co redukuje b\u0142\u0119dy ludzkie i zwi\u0119ksza sp\u00f3jno\u015b\u0107 w ka\u017cdym cyklu produkcyjnym.<\/p>\n<p>[\/et_pb_blurb][et_pb_blurb title=&#8221;High Precision and Stability&#8221; _builder_version=&#8221;4.27.2&#8243; _module_preset=&#8221;default&#8221; theme_builder_area=&#8221;post_content&#8221; header_level=&#8221;h3&#8243; header_text_color=&#8221;#E09900&#8243; hover_enabled=&#8221;0&#8243; sticky_enabled=&#8221;0&#8243; locked=&#8221;off&#8221;]<\/p>\n<p>Dzi\u0119ki zaawansowanym systemom podgrzewania \u015blimak\u00f3w i zaciskania form, nasze maszyny zapewniaj\u0105 sta\u0142\u0105, wysok\u0105 jako\u015b\u0107 produkcji przy minimalnej ilo\u015bci odpad\u00f3w. Oferujemy precyzyjn\u0105 kontrol\u0119 temperatury formy i wysokie si\u0142y zacisku rozdmuchowego, dostarczaj\u0105c produkty o doskona\u0142ej dok\u0142adno\u015bci wymiarowej i w\u0142a\u015bciwo\u015bciach materia\u0142owych.<\/p>\n<p>[\/et_pb_blurb][\/et_pb_column][et_pb_column _builder_version=&#8221;4.27.2&#8243; _module_preset=&#8221;default&#8221; type=&#8221;1_2&#8243; theme_builder_area=&#8221;post_content&#8221;][et_pb_image src=&#8221;https:\/\/onestepblowmachine.com\/wp-content\/uploads\/2026\/02\/onestepblowmachine-about-us3.webp&#8221; _builder_version=&#8221;4.27.2&#8243; _module_preset=&#8221;default&#8221; theme_builder_area=&#8221;post_content&#8221; alt=&#8221;onestepblowmachine-about-us3&#8243; title_text=&#8221;onestepblowmachine-about-us3&#8243; hover_enabled=&#8221;0&#8243; sticky_enabled=&#8221;0&#8243;][\/et_pb_image][\/et_pb_column][\/et_pb_row][et_pb_row _builder_version=&#8221;4.27.2&#8243; _module_preset=&#8221;default&#8221; theme_builder_area=&#8221;post_content&#8221;][et_pb_column _builder_version=&#8221;4.27.2&#8243; _module_preset=&#8221;default&#8221; type=&#8221;4_4&#8243; theme_builder_area=&#8221;post_content&#8221;][et_pb_text _builder_version=&#8221;4.27.2&#8243; _module_preset=&#8221;default&#8221; theme_builder_area=&#8221;post_content&#8221; header_2_font_size=&#8221;50px&#8221; sticky_enabled=&#8221;0&#8243; border_width_all=&#8221;5px&#8221; box_shadow_style=&#8221;preset4&#8243; max_width=&#8221;50%&#8221; module_alignment=&#8221;center&#8221; header_2_text_align=&#8221;center&#8221;]<\/p>\n<h2>Wy\u015bwietlacz warsztatowy<\/h2>\n<p>[\/et_pb_text][\/et_pb_column][\/et_pb_row][et_pb_row _builder_version=&#8221;4.27.2&#8243; _module_preset=&#8221;default&#8221; column_structure=&#8221;1_3,1_3,1_3&#8243; theme_builder_area=&#8221;post_content&#8221; width=&#8221;90%&#8221; max_width=&#8221;100%&#8221; hover_enabled=&#8221;0&#8243; sticky_enabled=&#8221;0&#8243;][et_pb_column _builder_version=&#8221;4.27.2&#8243; _module_preset=&#8221;default&#8221; type=&#8221;1_3&#8243; theme_builder_area=&#8221;post_content&#8221;][et_pb_image src=&#8221;https:\/\/onestepblowmachine.com\/wp-content\/uploads\/2026\/02\/onestepblowmachine-about-us.webp&#8221; _builder_version=&#8221;4.27.2&#8243; _module_preset=&#8221;default&#8221; theme_builder_area=&#8221;post_content&#8221; alt=&#8221;onestepblowmachine-about-us&#8221; title_text=&#8221;onestepblowmachine-about-us&#8221; hover_enabled=&#8221;0&#8243; sticky_enabled=&#8221;0&#8243;][\/et_pb_image][\/et_pb_column][et_pb_column _builder_version=&#8221;4.27.2&#8243; _module_preset=&#8221;default&#8221; type=&#8221;1_3&#8243; theme_builder_area=&#8221;post_content&#8221;][et_pb_image src=&#8221;https:\/\/onestepblowmachine.com\/wp-content\/uploads\/2026\/02\/onestepblowmachine-about-us2-scaled.webp&#8221; _builder_version=&#8221;4.27.2&#8243; _module_preset=&#8221;default&#8221; theme_builder_area=&#8221;post_content&#8221; alt=&#8221;onestepblowmachine-about-us2&#8243; title_text=&#8221;onestepblowmachine-about-us2&#8243; hover_enabled=&#8221;0&#8243; sticky_enabled=&#8221;0&#8243;][\/et_pb_image][\/et_pb_column][et_pb_column _builder_version=&#8221;4.27.2&#8243; _module_preset=&#8221;default&#8221; type=&#8221;1_3&#8243; theme_builder_area=&#8221;post_content&#8221;][et_pb_button button_text=&#8221;GET QUOTE&#8221; _builder_version=&#8221;4.27.2&#8243; _module_preset=&#8221;default&#8221; theme_builder_area=&#8221;post_content&#8221; button_url=&#8221;https:\/\/onestepblowmachine.com\/contact-us&#8221; button_alignment=&#8221;center&#8221; custom_button=&#8221;on&#8221; button_text_color=&#8221;#0C71C3&#8243; button_icon=&#8221;&#xe01a;||divi||400&#8243; box_shadow_style=&#8221;preset4&#8243; custom_margin=&#8221;10vh||||false|false&#8221; hover_enabled=&#8221;0&#8243; sticky_enabled=&#8221;0&#8243;][\/et_pb_button][\/et_pb_column][\/et_pb_row][et_pb_row _builder_version=&#8221;4.27.2&#8243; _module_preset=&#8221;default&#8221; column_structure=&#8221;1_2,1_2&#8243; theme_builder_area=&#8221;post_content&#8221; width=&#8221;90%&#8221; max_width=&#8221;100%&#8221; hover_enabled=&#8221;0&#8243; sticky_enabled=&#8221;0&#8243;][et_pb_column _builder_version=&#8221;4.27.2&#8243; _module_preset=&#8221;default&#8221; type=&#8221;1_2&#8243; theme_builder_area=&#8221;post_content&#8221;][et_pb_image src=&#8221;https:\/\/onestepblowmachine.com\/wp-content\/uploads\/2026\/02\/onestepblowmachine-about-us4.webp&#8221; _builder_version=&#8221;4.27.2&#8243; _module_preset=&#8221;default&#8221; theme_builder_area=&#8221;post_content&#8221; alt=&#8221;onestepblowmachine-about-us4&#8243; title_text=&#8221;onestepblowmachine-about-us4&#8243; hover_enabled=&#8221;0&#8243; sticky_enabled=&#8221;0&#8243;][\/et_pb_image][\/et_pb_column][et_pb_column _builder_version=&#8221;4.27.2&#8243; _module_preset=&#8221;default&#8221; type=&#8221;1_2&#8243; theme_builder_area=&#8221;post_content&#8221;][et_pb_image src=&#8221;https:\/\/onestepblowmachine.com\/wp-content\/uploads\/2026\/02\/onestepblowmachine-products-show2.webp&#8221; _builder_version=&#8221;4.27.2&#8243; _module_preset=&#8221;default&#8221; theme_builder_area=&#8221;post_content&#8221; alt=&#8221;onestepblowmachine-products-show2&#8243; title_text=&#8221;onestepblowmachine-products-show2&#8243; hover_enabled=&#8221;0&#8243; sticky_enabled=&#8221;0&#8243;][\/et_pb_image][\/et_pb_column][\/et_pb_row][\/et_pb_section][et_pb_section fb_built=&#8221;1&#8243; _builder_version=&#8221;4.27.2&#8243; _module_preset=&#8221;default&#8221; global_colors_info=&#8221;{}&#8221; locked=&#8221;off&#8221; theme_builder_area=&#8221;post_content&#8221;][et_pb_row admin_label=&#8221;Services Title&#8221; _builder_version=&#8221;4.27.2&#8243; global_colors_info=&#8221;{}&#8221; theme_builder_area=&#8221;post_content&#8221;][et_pb_column type=&#8221;4_4&#8243; _builder_version=&#8221;4.27.2&#8243; custom_padding=&#8221;|||&#8221; global_colors_info=&#8221;{}&#8221; custom_padding__hover=&#8221;|||&#8221; theme_builder_area=&#8221;post_content&#8221;][et_pb_text admin_label=&#8221;Title&#8221; _builder_version=&#8221;4.27.2&#8243; text_font=&#8221;||||||||&#8221; header_font=&#8221;||||||||&#8221; header_2_font=&#8221;Vast Shadow|500||||on|||&#8221; header_2_font_size=&#8221;40px&#8221; header_2_letter_spacing=&#8221;1px&#8221; header_2_line_height=&#8221;1.4em&#8221; text_orientation=&#8221;center&#8221; custom_margin=&#8221;|||&#8221; animation_style=&#8221;fold&#8221; animation_direction=&#8221;bottom&#8221; animation_intensity_fold=&#8221;10%&#8221; animation_starting_opacity=&#8221;100%&#8221; header_2_font_size_tablet=&#8221;28px&#8221; header_2_font_size_phone=&#8221;22px&#8221; header_2_font_size_last_edited=&#8221;on|tablet&#8221; global_colors_info=&#8221;{}&#8221; header_2_2_font_size_tablet=&#8221;28px&#8221; header_3_2_font_size_tablet=&#8221;28px&#8221; header_4_2_font_size_tablet=&#8221;28px&#8221; header_5_2_font_size_tablet=&#8221;28px&#8221; header_6_2_font_size_tablet=&#8221;28px&#8221; header_2_2_font_size_phone=&#8221;22px&#8221; header_3_2_font_size_phone=&#8221;22px&#8221; header_4_2_font_size_phone=&#8221;22px&#8221; header_5_2_font_size_phone=&#8221;22px&#8221; header_6_2_font_size_phone=&#8221;22px&#8221; header_2_2_font_size_last_edited=&#8221;on|phone&#8221; header_3_2_font_size_last_edited=&#8221;on|phone&#8221; header_4_2_font_size_last_edited=&#8221;on|phone&#8221; header_5_2_font_size_last_edited=&#8221;on|phone&#8221; header_6_2_font_size_last_edited=&#8221;on|phone&#8221; theme_builder_area=&#8221;post_content&#8221;]<\/p>\n<h2>Co <strong>Formy wtryskowe z rozci\u0105ganiem i rozdmuchiwaniem w jednym kroku<\/strong> Oferujemy<\/h2>\n<p>[\/et_pb_text][\/et_pb_column][\/et_pb_row][et_pb_row _builder_version=&#8221;4.27.2&#8243; _module_preset=&#8221;default&#8221; width=&#8221;90%&#8221; max_width=&#8221;100%&#8221; locked=&#8221;off&#8221; global_colors_info=&#8221;{}&#8221; theme_builder_area=&#8221;post_content&#8221;][et_pb_column type=&#8221;4_4&#8243; _builder_version=&#8221;4.27.2&#8243; _module_preset=&#8221;default&#8221; global_colors_info=&#8221;{}&#8221; theme_builder_area=&#8221;post_content&#8221;][et_pb_image src=&#8221;https:\/\/onestepblowmachine.com\/wp-content\/uploads\/2026\/02\/onestepblowmachine-One-step-Injection-Stretch-Blowing-Mould-introduce.webp&#8221; alt=&#8221;onestepblowmachine-One-step Injection Stretch Blowing Mould-introduce&#8221; title_text=&#8221;onestepblowmachine-One-step Injection Stretch Blowing Mould-introduce&#8221; _builder_version=&#8221;4.27.2&#8243; _module_preset=&#8221;default&#8221; global_colors_info=&#8221;{}&#8221; theme_builder_area=&#8221;post_content&#8221;][\/et_pb_image][\/et_pb_column][\/et_pb_row][\/et_pb_section]<\/p>","protected":false},"excerpt":{"rendered":"<p>UsAbout UsQualityThe best and most considerate ISBM manufacturerOur factory boasts over two decades of expertise in manufacturing high-precision, high-demand plastic molding equipment. We specialize in one-step injection stretch blow molding machines (ISBM), which are pivotal for producing a wide range of hollow plastic products, including bottles for cosmetics, food, pharmaceuticals, and more. Equipped with advanced [&hellip;]<\/p>","protected":false},"author":1,"featured_media":0,"parent":0,"menu_order":0,"comment_status":"closed","ping_status":"closed","template":"","meta":{"_et_pb_use_builder":"on","_et_pb_old_content":"","_et_gb_content_width":"","footnotes":""},"class_list":["post-109","page","type-page","status-publish","hentry"],"_links":{"self":[{"href":"https:\/\/onestepblowmachine.com\/pl\/wp-json\/wp\/v2\/pages\/109","targetHints":{"allow":["GET"]}}],"collection":[{"href":"https:\/\/onestepblowmachine.com\/pl\/wp-json\/wp\/v2\/pages"}],"about":[{"href":"https:\/\/onestepblowmachine.com\/pl\/wp-json\/wp\/v2\/types\/page"}],"author":[{"embeddable":true,"href":"https:\/\/onestepblowmachine.com\/pl\/wp-json\/wp\/v2\/users\/1"}],"replies":[{"embeddable":true,"href":"https:\/\/onestepblowmachine.com\/pl\/wp-json\/wp\/v2\/comments?post=109"}],"version-history":[{"count":2,"href":"https:\/\/onestepblowmachine.com\/pl\/wp-json\/wp\/v2\/pages\/109\/revisions"}],"predecessor-version":[{"id":142,"href":"https:\/\/onestepblowmachine.com\/pl\/wp-json\/wp\/v2\/pages\/109\/revisions\/142"}],"wp:attachment":[{"href":"https:\/\/onestepblowmachine.com\/pl\/wp-json\/wp\/v2\/media?parent=109"}],"curies":[{"name":"wp","href":"https:\/\/api.w.org\/{rel}","templated":true}]}}