{"id":265,"date":"2026-03-03T03:16:43","date_gmt":"2026-03-03T03:16:43","guid":{"rendered":"https:\/\/onestepblowmachine.com\/?post_type=product&#038;p=265"},"modified":"2026-03-03T07:06:01","modified_gmt":"2026-03-03T07:06:01","slug":"mesin-cetak-tiup-peregangan-injeksi-ep-hgy250-v4-4-stasiun","status":"publish","type":"product","link":"https:\/\/onestepblowmachine.com\/id\/product\/mesin-cetak-tiup-peregangan-injeksi-ep-hgy250-v4-4-stasiun\/","title":{"rendered":"Mesin cetak tiup peregangan injeksi EP-HGY250-V4 | 4 stasiun"},"content":{"rendered":"<h2 style=\"color: #0056b3; border-left: 5px solid #0056b3; padding-left: 15px; margin-top: 40px;\">1. Spesifikasi Teknis (EP-HGY250-V4)<\/h2>\n<div style=\"overflow-x: auto;\">\n<table style=\"width: 100%;\" border=\"1\">\n<thead>\n<tr>\n<th>Barang<\/th>\n<th>Satuan<\/th>\n<th colspan=\"4\">Mesin Cetak Tiup Peregangan Injeksi Satu Langkah (4 stasiun)<\/th>\n<\/tr>\n<\/thead>\n<tbody>\n<tr>\n<td>Nama Mesin<\/td>\n<td><\/td>\n<td colspan=\"4\">Mesin Cetak Tiup Peregangan Injeksi Satu Langkah (4 stasiun)<\/td>\n<\/tr>\n<tr>\n<td>Model<\/td>\n<td><\/td>\n<td colspan=\"4\">HGY250-V4 (Kompatibel dengan cetakan ASB-70DPH)<\/td>\n<\/tr>\n<tr>\n<td>Pabrikan<\/td>\n<td><\/td>\n<td colspan=\"4\">HENGGANG<\/td>\n<\/tr>\n<tr>\n<td>Bahan<\/td>\n<td><\/td>\n<td colspan=\"4\">PET\/PETG<\/td>\n<\/tr>\n<tr>\n<td>Diameter Sekrup<\/td>\n<td>MM<\/td>\n<td>50<\/td>\n<td>55<\/td>\n<td>60<\/td>\n<td>\/<\/td>\n<\/tr>\n<tr>\n<td>Volume Injeksi Teoritis<\/td>\n<td>CM\u00b3<\/td>\n<td>340<\/td>\n<td>420<\/td>\n<td>480<\/td>\n<td>\/<\/td>\n<\/tr>\n<tr>\n<td>Kecepatan Putaran Sekrup (RPM)<\/td>\n<td>r\/min<\/td>\n<td>180<\/td>\n<td>150<\/td>\n<td>150 ~ 220<\/td>\n<td>\/<\/td>\n<\/tr>\n<tr>\n<td>Gaya Penjepitan Injeksi<\/td>\n<td>KN<\/td>\n<td colspan=\"4\">300<\/td>\n<\/tr>\n<tr>\n<td>Gaya Jepit Tiup<\/td>\n<td>KN<\/td>\n<td colspan=\"4\">200<\/td>\n<\/tr>\n<tr>\n<td>Tenaga Motor<\/td>\n<td>KW<\/td>\n<td colspan=\"4\">67.7<\/td>\n<\/tr>\n<tr>\n<td>Daya Pemanas<\/td>\n<td>KW<\/td>\n<td colspan=\"4\">15<\/td>\n<\/tr>\n<tr>\n<td>Tekanan Udara Tiup<\/td>\n<td>MPA<\/td>\n<td colspan=\"4\">2.0-3.5<\/td>\n<\/tr>\n<tr>\n<td>Tekanan Air Pendingin<\/td>\n<td>MPA<\/td>\n<td colspan=\"4\">0.4-0.6<\/td>\n<\/tr>\n<tr>\n<td>Tekanan Air Pendingin Oli Mesin<\/td>\n<td>MPA<\/td>\n<td colspan=\"4\">0.3-0.4<\/td>\n<\/tr>\n<tr>\n<td>Suhu Air Pendingin Oli Mesin<\/td>\n<td>\u00b0C<\/td>\n<td colspan=\"4\">20-25<\/td>\n<\/tr>\n<tr>\n<td>Voltase<\/td>\n<td>V<\/td>\n<td colspan=\"4\">370-400<\/td>\n<\/tr>\n<tr>\n<td>Ukuran (P*L*T)<\/td>\n<td>MM<\/td>\n<td colspan=\"4\">6300x2400x3700<\/td>\n<\/tr>\n<tr>\n<td>Berat<\/td>\n<td>T<\/td>\n<td colspan=\"4\">16<\/td>\n<\/tr>\n<\/tbody>\n<\/table>\n<p>*Pernyataan Kompatibilitas: Model EP-HGY250 \u2013 V4 kami kompatibel dengan model ASB \u2013 70DPH Jepang.<\/p>\n<p>&nbsp;<\/p>\n<\/div>\n<h3 style=\"overflow-x: auto; text-align: center;\"><strong>Dimensi Produk Mesin Cetak Tiup Peregang Injeksi EP-HGY250-V4<\/strong><\/h3>\n<div style=\"overflow-x: auto;\">\n<table style=\"width: 100%; height: 161px;\" border=\"1\">\n<thead>\n<tr style=\"height: 23px;\">\n<th style=\"height: 23px;\">Dimensi Produk<\/th>\n<th style=\"height: 23px;\">Satuan<\/th>\n<th style=\"height: 23px;\" colspan=\"10\">Nilai<\/th>\n<\/tr>\n<\/thead>\n<tbody>\n<tr style=\"height: 23px;\">\n<td style=\"height: 23px;\">Jumlah Produk<\/td>\n<td style=\"height: 23px;\">PCS<\/td>\n<td style=\"height: 23px;\">2<\/td>\n<td style=\"height: 23px;\">3<\/td>\n<td style=\"height: 23px;\">4<\/td>\n<td style=\"height: 23px;\">5<\/td>\n<td style=\"height: 23px;\">6<\/td>\n<td style=\"height: 23px;\">8<\/td>\n<td style=\"height: 23px;\">9<\/td>\n<td style=\"height: 23px;\">10<\/td>\n<td style=\"height: 23px;\">14<\/td>\n<\/tr>\n<tr style=\"height: 23px;\">\n<td style=\"height: 23px;\">Diameter Botol (BD)<\/td>\n<td style=\"height: 23px;\">MM<\/td>\n<td style=\"height: 23px;\">200<\/td>\n<td style=\"height: 23px;\">160<\/td>\n<td style=\"height: 23px;\">120<\/td>\n<td style=\"height: 23px;\">80<\/td>\n<td style=\"height: 23px;\">60<\/td>\n<td style=\"height: 23px;\">45<\/td>\n<td style=\"height: 23px;\">40<\/td>\n<td style=\"height: 23px;\">40<\/td>\n<td style=\"height: 23px;\">30<\/td>\n<\/tr>\n<tr style=\"height: 23px;\">\n<td style=\"height: 23px;\">Tinggi Botol (H)<\/td>\n<td style=\"height: 23px;\">MM<\/td>\n<td style=\"height: 23px;\" colspan=\"3\">220<\/td>\n<td style=\"height: 23px;\" colspan=\"4\">180<\/td>\n<td style=\"height: 23px;\" colspan=\"3\">100<\/td>\n<\/tr>\n<tr style=\"height: 23px;\">\n<td style=\"height: 23px;\">Diameter Leher (E)<\/td>\n<td style=\"height: 23px;\">MM<\/td>\n<td style=\"height: 23px;\">130<\/td>\n<td style=\"height: 23px;\">130<\/td>\n<td style=\"height: 23px;\">100<\/td>\n<td style=\"height: 23px;\">65<\/td>\n<td style=\"height: 23px;\">55<\/td>\n<td style=\"height: 23px;\">40<\/td>\n<td style=\"height: 23px;\">32<\/td>\n<td style=\"height: 23px;\">28<\/td>\n<td style=\"height: 23px;\">16<\/td>\n<\/tr>\n<tr style=\"height: 23px;\">\n<td style=\"height: 23px;\">Volume Botol Maksimum (ml)<\/td>\n<td style=\"height: 23px;\">ML<\/td>\n<td style=\"height: 23px;\">2500<\/td>\n<td style=\"height: 23px;\">1500<\/td>\n<td style=\"height: 23px;\">900<\/td>\n<td style=\"height: 23px;\">750<\/td>\n<td style=\"height: 23px;\">350<\/td>\n<td style=\"height: 23px;\">200<\/td>\n<td style=\"height: 23px;\">100<\/td>\n<td style=\"height: 23px;\">50<\/td>\n<td style=\"height: 23px;\">30<\/td>\n<\/tr>\n<tr style=\"height: 23px;\">\n<td style=\"height: 23px;\">Berat Botol Maksimum (g)<\/td>\n<td style=\"height: 23px;\">G<\/td>\n<td style=\"height: 23px;\">200<\/td>\n<td style=\"height: 23px;\">180<\/td>\n<td style=\"height: 23px;\">150<\/td>\n<td style=\"height: 23px;\">120<\/td>\n<td style=\"height: 23px;\">80<\/td>\n<td style=\"height: 23px;\">60<\/td>\n<td style=\"height: 23px;\">50<\/td>\n<td style=\"height: 23px;\">35<\/td>\n<td style=\"height: 23px;\">25<\/td>\n<\/tr>\n<\/tbody>\n<\/table>\n<h2 style=\"color: #0056b3; border-left: 5px solid #0056b3; padding-left: 15px; margin-top: 40px;\">2. Fleksibilitas Material dan Kemampuan Pemrosesan Mesin Cetak Tiup Peregangan Injeksi<\/h2>\n<div style=\"overflow-x: auto;\">\n<table style=\"width: 100%;\" border=\"1\">\n<thead>\n<tr>\n<th>Standar Teknis<\/th>\n<th>Parameter Mesin<\/th>\n<\/tr>\n<\/thead>\n<tbody>\n<tr>\n<td>Menggunakan 3 set sistem pompa servo;<\/td>\n<td>Diameter Sekrup: 55mm (opsional);<\/td>\n<\/tr>\n<tr>\n<td>Daya motor servo Inovance\/WEICH: 67,7KW;<\/td>\n<td>Kapasitas Injeksi Teoritis: 420g;<\/td>\n<\/tr>\n<tr>\n<td>Menggunakan PLC Inovance\/MIRLE;<\/td>\n<td>Gaya penjepitan injeksi: 300KN;<\/td>\n<\/tr>\n<tr>\n<td>Meja putar ini dilengkapi dengan motor servo Yaskawa Jepang atau motor servo WEICH dengan reduktor TSUNTIEN Taiwan;<\/td>\n<td>Langkah cetakan atas: 640 mm;<\/td>\n<\/tr>\n<tr>\n<td>Struktur pencetakan tiup mengadopsi fungsi peredaman cetakan silinder hidrolik atau motor servo ganda dengan kompensasi tekanan tinggi;<\/td>\n<td>Langkah cetakan bawah: 350 mm;<\/td>\n<\/tr>\n<tr>\n<td>Menggunakan katup tekanan tinggi Parker buatan Amerika;<\/td>\n<td>TEMP. Pengaturan langkah inti: 300mm;<\/td>\n<\/tr>\n<tr>\n<td>Menggunakan tabung udara kedap udara;<\/td>\n<td>Langkah laras pengatur suhu: 300 mm;<\/td>\n<\/tr>\n<tr>\n<td>Menggunakan kotak kontrol terintegrasi untuk mengontrol suhu, yang sangat akurat, stabil, dan mudah dioperasikan; atau, Anda dapat memilih sistem kontrol suhu bawaan sistem.<\/td>\n<td>Jarak tarik keluar: 190 mm;<\/td>\n<\/tr>\n<tr>\n<td>Menggunakan katup pengontrol tekanan hidrolik merek YUKEN dari Taiwan\/China;<\/td>\n<td>Gaya jepit tiup: 200KN (satu sisi);<\/td>\n<\/tr>\n<tr>\n<td>Sekrup dipanaskan oleh cincin pemanas hemat energi nano-inframerah (10KW);<\/td>\n<td>Langkah inti tiup: 300 mm;<\/td>\n<\/tr>\n<tr>\n<td>Unit injeksi dikendalikan oleh silinder tunggal. Motor peleburan dapat dikendalikan secara hidraulik atau oleh motor servo;<\/td>\n<td>Langkah cetakan tiup: 75+75mm;<\/td>\n<\/tr>\n<tr>\n<td>Selang oli terbuat dari bahan impor dari Italia;<\/td>\n<td>Kapasitas tangki oli: 600 liter;<\/td>\n<\/tr>\n<tr>\n<td>Daya total mesin: 82,7 KW.<\/td>\n<td>Ukuran (P\u00d7L\u00d7T): 6,3\u00d72,4\u00d73,7 m;<\/td>\n<\/tr>\n<tr>\n<td><\/td>\n<td>Berat: 16T.<\/td>\n<\/tr>\n<\/tbody>\n<\/table>\n<\/div>\n<p>&nbsp;<\/p>\n<\/div>\n<h2 style=\"color: #0056b3; border-left: 5px solid #0056b3; padding-left: 15px; margin-top: 40px;\">3. Prinsip dan Proses Kerja Tingkat Lanjut<\/h2>\n<p style=\"margin-bottom: 20px;\">Efisiensi inti dari mesin cetak tiup peregangan injeksi EP-HGY250-V4 terletak pada urutan rotasi empat stasiunnya. Di stasiun pertama, material PET atau PETG berkualitas tinggi diinjeksikan ke dalam cetakan untuk membentuk preform yang presisi dengan dimensi leher akhir yang sudah ditentukan. Tidak seperti demonstrasi video cetak tiup dua langkah yang sering terlihat, proses satu langkah kami memindahkan preform saat masih pada suhu optimal ke stasiun kedua untuk pengkondisian suhu dan pemotongan ekor opsional. Ini memastikan bahwa struktur molekuler siap sempurna untuk stasiun ketiga: fase peniupan peregangan. Di sini, preform diorientasikan secara biaxial menggunakan batang peregangan dan udara bertekanan tinggi, menciptakan wadah dengan sifat penghalang dan transparansi yang unggul. Terakhir, stasiun keempat menangani pelepasan otomatis produk jadi. Sistem loop tertutup ini secara signifikan mengurangi risiko kontaminasi, menjadikannya mesin cetak tiup peregangan injeksi pengganti yang sempurna untuk fasilitas yang saat ini bergantung pada penanganan manual atau peralatan injeksi dan peniupan terpisah. Integrasi teknologi dalam mesin cetak tiup peregangan injeksi satu langkah ini memungkinkan lingkungan produksi yang sangat stabil dengan tingkat limbah minimal.<\/p>\n<div style=\"width: 1080px;\" class=\"wp-video\"><video class=\"wp-video-shortcode\" id=\"video-265-1\" width=\"1080\" height=\"615\" preload=\"metadata\" controls=\"controls\"><source type=\"video\/mp4\" src=\"https:\/\/onestepblowmachine.com\/wp-content\/uploads\/2026\/02\/onestepblowmachine-how-to-work.mp4?_=1\" \/><a href=\"https:\/\/onestepblowmachine.com\/wp-content\/uploads\/2026\/02\/onestepblowmachine-how-to-work.mp4\">https:\/\/onestepblowmachine.com\/wp-content\/uploads\/2026\/02\/onestepblowmachine-how-to-work.mp4<\/a><\/video><\/div>\n<h2 style=\"color: #0056b3; border-left: 5px solid #0056b3; padding-left: 15px; margin-top: 40px;\">4. Kompatibilitas Material<\/h2>\n<p style=\"margin-bottom: 20px;\">Fleksibilitas mesin Injection Stretch Blow Molding ini ditentukan oleh kemampuannya untuk memproses berbagai macam resin termoplastik. Terutama dioptimalkan untuk PET (Polietilen Tereftalat) dan PETG (PET yang dimodifikasi glikol), mesin ini memastikan bahwa material-material tersebut mencapai potensi maksimalnya dalam hal kejernihan dan ketahanan terhadap benturan. Sistem pemanas presisi dan kontrol yang digerakkan servo memungkinkan penyesuaian halus proses injection stretch blow molding untuk mengakomodasi berbagai jenis resin, memastikan produksi yang konsisten bahkan dengan kandungan daur ulang. Produsen juga dapat mengeksplorasi aplikasi dengan PP, PC, dan Tritan, asalkan mereka menggunakan desain cetakan injection stretch blow mold yang sesuai. Kemampuan untuk menangani berbagai material ini menjadikan sistem kami sebagai alternatif mesin cetakan injeksi yang cocok untuk beragam kebutuhan industri.<\/p>\n<p><img loading=\"lazy\" decoding=\"async\" class=\"aligncenter size-full wp-image-273\" src=\"https:\/\/onestepblowmachine.com\/wp-content\/uploads\/2026\/03\/onestepblowmachine-products-show6.webp\" alt=\"onestepblowmachine-products-show6\" width=\"1000\" height=\"851\" title=\"\" srcset=\"https:\/\/onestepblowmachine.com\/wp-content\/uploads\/2026\/03\/onestepblowmachine-products-show6.webp 1000w, https:\/\/onestepblowmachine.com\/wp-content\/uploads\/2026\/03\/onestepblowmachine-products-show6-980x834.webp 980w, https:\/\/onestepblowmachine.com\/wp-content\/uploads\/2026\/03\/onestepblowmachine-products-show6-480x408.webp 480w\" sizes=\"(min-width: 0px) and (max-width: 480px) 480px, (min-width: 481px) and (max-width: 980px) 980px, (min-width: 981px) 1000px, 100vw\" \/><\/p>\n<p>&nbsp;<\/p>\n<h2 style=\"color: #0056b3; border-left: 5px solid #0056b3; padding-left: 15px; margin-top: 40px;\">5. Skenario Aplikasi Mesin Cetak Tiup Peregangan Injeksi<\/h2>\n<div style=\"width: 100%; display: flex; flex-wrap: wrap; justify-content: space-between; gap: 20px; margin-top: 20px;\">\n<div style=\"flex: 1; min-width: 100%; background-color: #fff; padding: 20px; border: 1px solid #ddd; border-radius: 8px; box-sizing: border-box;\">\n<h3 style=\"color: #0056b3; margin-top: 0;\">Kosmetik &amp; Perawatan Pribadi<\/h3>\n<p>Sangat cocok untuk pembuatan botol lotion, wadah krim, dan wadah serum dengan tingkat transparansi tinggi. Proses satu langkah memastikan hasil akhir yang mewah tanpa goresan, ideal untuk standar estetika yang tinggi dari industri kecantikan Kolombia.<\/p>\n<\/div>\n<div style=\"flex: 1; min-width: 100%; background-color: #fff; padding: 20px; border: 1px solid #ddd; border-radius: 8px; box-sizing: border-box;\">\n<h3 style=\"color: #0056b3; margin-top: 0;\">Kemasan Farmasi<\/h3>\n<p>Memproduksi botol tetes mata, botol pil, dan wadah obat cair dalam kondisi steril. Desain empat stasiun mencegah kontaminasi, memberikan hasil akhir leher botol yang sangat presisi untuk tutup yang aman dan tahan terhadap jangkauan anak.<\/p>\n<\/div>\n<div style=\"flex: 1; min-width: 100%; background-color: #fff; padding: 20px; border: 1px solid #ddd; border-radius: 8px; box-sizing: border-box;\">\n<h3 style=\"color: #0056b3; margin-top: 0;\">Stoples Makanan &amp; Minuman<\/h3>\n<p>Mampu membuat stoples bermulut lebar untuk madu, rempah-rempah, dan selai kacang. Produk cetakan tiup peregangan injeksi yang dihasilkan kokoh dan memberikan perlindungan masa simpan yang sangat baik untuk produk organik yang diekspor dari wilayah tersebut.<\/p>\n<\/div>\n<\/div>\n<div style=\"width: 100%; text-align: center; margin: 30px 0;\"><img loading=\"lazy\" decoding=\"async\" class=\"aligncenter size-full wp-image-232\" src=\"https:\/\/onestepblowmachine.com\/wp-content\/uploads\/2026\/02\/onestepblowmachine-show10.webp\" alt=\"onestepblowmachine-show10\" width=\"1000\" height=\"500\" title=\"\" srcset=\"https:\/\/onestepblowmachine.com\/wp-content\/uploads\/2026\/02\/onestepblowmachine-show10.webp 1000w, https:\/\/onestepblowmachine.com\/wp-content\/uploads\/2026\/02\/onestepblowmachine-show10-980x490.webp 980w, https:\/\/onestepblowmachine.com\/wp-content\/uploads\/2026\/02\/onestepblowmachine-show10-480x240.webp 480w\" sizes=\"(min-width: 0px) and (max-width: 480px) 480px, (min-width: 481px) and (max-width: 980px) 980px, (min-width: 981px) 1000px, 100vw\" \/><\/div>\n<h2 style=\"color: #0056b3; border-left: 5px solid #0056b3; padding-left: 15px; margin-top: 40px;\">6. Tentang Kami<\/h2>\n<div style=\"margin-bottom: 40px;\">Sebagai produsen Mesin Cetak Tiup Peregangan Injeksi profesional, fasilitas canggih kami mengintegrasikan R&amp;D, pemesinan presisi, dan pengujian ketat untuk memastikan setiap mesin memenuhi standar internasional. Dengan menggunakan komponen kelas atas dari merek seperti Yaskawa dan Parker, kami menjamin umur panjang dan keandalan.<br \/>\nKami telah mengembangkan mesin cetak tiup khusus untuk pengemasan berbagai material (PET\/PETG\/PC\/PCTG\/PP), termasuk kosmetik, air, minyak, minuman, makanan, farmasi, dan produk bayi. Terutama dalam mesin khusus kosmetik, makanan, dan farmasi kelas atas, kami secara konsisten mempertahankan posisi terdepan di industri ini.<\/div>\n<h2 style=\"text-align: center; color: #333; margin-top: 30px; font-size: 24px;\">Bengkel<\/h2>\n<div style=\"display: flex; overflow-x: auto; gap: 15px; padding: 10px 0; scrollbar-width: thin;\"><img decoding=\"async\" style=\"flex: 0 0 auto; width: 24%; min-width: 200px; height: auto; border-radius: 4px;\" src=\"https:\/\/onestepblowmachine.com\/wp-content\/uploads\/2026\/02\/onestepblowmachine-about-us4.webp\" alt=\"Tampilan Bengkel Pabrik 1\" title=\"\"><br \/>\n<img decoding=\"async\" style=\"flex: 0 0 auto; width: 24%; min-width: 200px; height: auto; border-radius: 4px;\" src=\"https:\/\/onestepblowmachine.com\/wp-content\/uploads\/2026\/02\/onestepblowmachine-about-us2-scaled.webp\" alt=\"Tampilan Bengkel Pabrik 2\" title=\"\"><br \/>\n<img decoding=\"async\" style=\"flex: 0 0 auto; width: 24%; min-width: 200px; height: auto; border-radius: 4px;\" src=\"https:\/\/onestepblowmachine.com\/wp-content\/uploads\/2026\/02\/onestepblowmachine-about-us.webp\" alt=\"Tampilan Bengkel Pabrik 3\" title=\"\"><br \/>\n<img decoding=\"async\" style=\"flex: 0 0 auto; width: 24%; min-width: 200px; height: auto; border-radius: 4px;\" src=\"https:\/\/onestepblowmachine.com\/wp-content\/uploads\/2026\/02\/onestepblowmachine-products-show3.webp\" alt=\"Tampilan Bengkel Pabrik 4\" title=\"\"><\/div>\n<p>&nbsp;<\/p>\n<h2 style=\"color: #0056b3; border-left: 5px solid #0056b3; padding-left: 15px; margin-top: 40px;\">7. Catatan Lapangan Teknisi &amp; Ulasan Pelanggan<\/h2>\n<div style=\"width: 100%; margin-top: 20px;\">\n<div style=\"padding: 20px; background-color: #f9f9f9; border-radius: 8px; border-left: 4px solid #4CAF50; margin-bottom: 20px;\">\n<p style=\"font-style: italic; margin: 0;\">\u201cPenerapan EP-HGY250-V4 di fasilitas kami di Bogot\u00e1 telah secara signifikan meningkatkan waktu siklus kami. Sebagai seorang insinyur yang fokus pada wadah farmasi, presisi proses pencetakan tiup peregangan injeksi pada mesin ini sangat unggul. Sebelumnya kami memiliki masalah dengan konsistensi leher wadah menggunakan pengaturan pencetakan tiup injeksi terpisah, tetapi model 4 stasiun terintegrasi ini langsung menyelesaikan masalah toleransi tersebut.\u201d<\/p>\n<p style=\"margin-top: 10px; font-weight: bold;\">\u2013 Kepala Teknik Produksi, Grup Farmasi (Kolombia)<\/p>\n<\/div>\n<div style=\"padding: 20px; background-color: #f9f9f9; border-radius: 8px; border-left: 4px solid #4CAF50;\">\n<p style=\"font-style: italic; margin: 0;\">\u201cKejernihan botol PET yang kami produksi untuk lini kosmetik kami tidak tertandingi. Kami mencari alternatif mesin cetak injeksi asb berkualitas tinggi yang dapat menangani PETG tanpa cacat permukaan. Setelah berbulan-bulan beroperasi 24\/7, mesin tetap stabil dan efisiensi energinya persis seperti yang dijanjikan. Dukungan teknis yang diberikan oleh pemasok sangat luar biasa.\u201d<\/p>\n<p style=\"margin-top: 10px; font-weight: bold;\">\u2013 Konsultan Pengemasan Senior, Merek Kosmetik (Medell\u00edn, Kolombia)<\/p>\n<\/div>\n<\/div>\n<h2 style=\"color: #0056b3; border-left: 5px solid #0056b3; padding-left: 15px; margin-top: 40px;\">8. Solusi Industri Terkait<\/h2>\n<p style=\"margin-bottom: 20px;\">Untuk memastikan efisiensi operasional yang lengkap, kami menawarkan sistem mekanis terintegrasi. Misalnya, sistem presisi tinggi kami <a style=\"color: #0056b3; text-decoration: underline;\" href=\"https:\/\/ptogearbox.com\/\" target=\"_blank\" rel=\"noopener\">Kotak roda gigi<\/a> Dirancang untuk transmisi torsi maksimum dalam aplikasi industri tugas berat. Kami menekankan kompatibilitas sistem dan keunggulan pasokan satu atap untuk membantu klien kami menyederhanakan proses pemeliharaan dan pengadaan mereka.<\/p>\n<div style=\"width: 100%; text-align: center; margin: 20px 0;\"><img loading=\"lazy\" decoding=\"async\" class=\"aligncenter size-full wp-image-230\" src=\"https:\/\/onestepblowmachine.com\/wp-content\/uploads\/2026\/02\/onestepblowmachine-related-products-gearbox-1.webp\" alt=\"produk-terkait-mesin-tiup-satu-langkah-girboks\" width=\"1000\" height=\"500\" title=\"\" srcset=\"https:\/\/onestepblowmachine.com\/wp-content\/uploads\/2026\/02\/onestepblowmachine-related-products-gearbox-1.webp 1000w, https:\/\/onestepblowmachine.com\/wp-content\/uploads\/2026\/02\/onestepblowmachine-related-products-gearbox-1-980x490.webp 980w, https:\/\/onestepblowmachine.com\/wp-content\/uploads\/2026\/02\/onestepblowmachine-related-products-gearbox-1-480x240.webp 480w\" sizes=\"(min-width: 0px) and (max-width: 480px) 480px, (min-width: 481px) and (max-width: 980px) 980px, (min-width: 981px) 1000px, 100vw\" \/><\/div>\n<h2 style=\"color: #0056b3; border-left: 5px solid #0056b3; padding-left: 15px; margin-top: 40px;\">Pertanyaan yang Sering Diajukan (FAQ)<\/h2>\n<div style=\"width: 100%; margin-top: 20px;\">\n<div style=\"margin-bottom: 15px; border-bottom: 1px solid #eee; padding-bottom: 10px;\">\n<p style=\"font-weight: bold; margin: 0;\">Q1: Bagaimana mesin Injection Stretch Blow Molding satu langkah dapat lebih hemat biaya dalam jangka panjang bagi pabrik saya?<\/p>\n<p style=\"margin-top: 5px;\">A1: Dengan mengintegrasikan proses injeksi dan peniupan, Anda menghilangkan biaya pemanasan ulang sekunder dan mengurangi kebutuhan tenaga kerja secara signifikan untuk fasilitas Anda.<\/p>\n<\/div>\n<div style=\"margin-bottom: 15px; border-bottom: 1px solid #eee; padding-bottom: 10px;\">\n<p style=\"font-weight: bold; margin: 0;\">Q2: Bisakah saya melihat video pencetakan tiup peregangan injeksi untuk memahami transisi stasiun sebelum saya meminta penawaran?<\/p>\n<p style=\"margin-top: 5px;\">A2: Ya, kami menyediakan video operasional terperinci yang menunjukkan pergerakan 4 stasiun yang mulus untuk membantu teknisi Anda mengevaluasi kinerja sistem dan waktu siklus.<\/p>\n<\/div>\n<div style=\"margin-bottom: 15px; border-bottom: 1px solid #eee; padding-bottom: 10px;\">\n<p style=\"font-weight: bold; margin: 0;\">Q3: Apa yang menjadikan model ini sebagai mesin cetak tiup peregangan injeksi pengganti yang cocok untuk lini produksi dua tahap yang lebih lama?<\/p>\n<p style=\"margin-top: 5px;\">A3: EP-HGY250-V4 menawarkan desain ringkas untuk empat stasiun, efisiensi energi yang jauh lebih baik, dan tingkat limbah yang jauh lebih rendah berkat kontrol suhu terintegrasi.<\/p>\n<\/div>\n<div style=\"margin-bottom: 15px; border-bottom: 1px solid #eee; padding-bottom: 10px;\">\n<p style=\"font-weight: bold; margin: 0;\">Q4: Mengapa saya harus memilih tim produsen mesin cetak tiup peregangan injeksi ini untuk proyek pengemasan kosmetik saya yang akan datang?<\/p>\n<p style=\"margin-top: 5px;\">A4: Tim teknik kami memiliki pengalaman puluhan tahun khusus dalam hal kejernihan botol kosmetik dan ketebalan dinding yang seragam, yang sangat penting untuk produk mewah kelas atas.<\/p>\n<\/div>\n<div style=\"margin-bottom: 15px; border-bottom: 1px solid #eee; padding-bottom: 10px;\">\n<p style=\"font-weight: bold; margin: 0;\">Q5: Bagaimana proses pencetakan tiup peregangan injeksi secara spesifik meningkatkan kejernihan wadah PET dan PETG?<\/p>\n<p style=\"margin-top: 5px;\">A5: Orientasi biaxial selama fase peregangan-tiup menyelaraskan molekul polimer, yang meningkatkan transparansi dan kekuatan mekanik wadah plastik akhir.<\/p>\n<\/div>\n<div style=\"margin-bottom: 15px; border-bottom: 1px solid #eee; padding-bottom: 10px;\">\n<p style=\"font-weight: bold; margin: 0;\">Q6: Kapan diperlukan desain khusus untuk cetakan injeksi stretch blow untuk peluncuran produk farmasi baru?<\/p>\n<p style=\"margin-top: 5px;\">A6: Cetakan khusus sangat penting ketika Anda membutuhkan dimensi leher botol tertentu untuk penutup tahan anak atau bentuk botol unik yang mencerminkan identitas merek Anda.<\/p>\n<\/div>\n<div style=\"margin-bottom: 15px; border-bottom: 1px solid #eee; padding-bottom: 10px;\">\n<p style=\"font-weight: bold; margin: 0;\">Q7: Berapa rata-rata siklus perawatan untuk mesin cetak injeksi ASB yang setara di lingkungan pabrik berkapasitas tinggi | HGY250 \u2013 V4 (kompatibel dengan model ASB \u2013 70DPH Jepang)?<\/p>\n<p style=\"margin-top: 5px;\">A7: Mesin kami dibuat dengan komponen berkualitas tinggi, memerlukan inspeksi bulanan standar dan servis komprehensif setiap 2000 jam untuk memastikan pengoperasian optimal.<\/p>\n<\/div>\n<div style=\"margin-bottom: 15px; border-bottom: 1px solid #eee; padding-bottom: 10px;\">\n<p style=\"font-weight: bold; margin: 0;\">Q8: Bagaimana EP-HGY250-V4 menangani kebutuhan udara bertekanan tinggi untuk produk cetakan tiup peregangan injeksi volume besar?<\/p>\n<p style=\"margin-top: 5px;\">A8: Mesin ini memiliki sistem pneumatik yang kokoh yang dirancang untuk tekanan udara 2,0-3,5 Mpa, memastikan bahwa bahkan wadah besar pun dapat ditiup dengan detail yang sempurna.<\/p>\n<\/div>\n<\/div>\n<p style=\"text-align: right;\">Editor: PXY<\/p>","protected":false},"excerpt":{"rendered":"<p>Mesin Cetak Tiup Peregangan Injeksi EP-HGY250-V4 (kompatibel dengan model ASB \u2013 70DPH Jepang) adalah mesin Cetak Tiup Peregangan Injeksi canggih yang dirancang untuk pembuatan wadah plastik kelas atas dengan presisi tinggi. Arsitektur empat stasiun ini dirancang khusus untuk menghilangkan kebutuhan pendinginan preform dan pemanasan ulang sekunder, yang merupakan ciri khas proses cetak tiup peregangan injeksi yang efisien. Dengan mempertahankan panas sisa dari fase injeksi awal, mesin ini mencapai penghematan energi yang luar biasa hingga 40% dibandingkan dengan sistem dua langkah tradisional. Kemampuannya untuk menghasilkan wadah dengan ketebalan dinding yang seragam dan hasil akhir permukaan yang sempurna menjadikannya favorit di antara produsen mesin cetak tiup peregangan injeksi global. Baik Anda memproduksi toples makanan bermulut lebar atau botol farmasi yang rumit, EP-HGY250-V4 menawarkan stabilitas dan presisi yang dibutuhkan untuk lingkungan produksi 24\/7.<\/p>","protected":false},"featured_media":60,"comment_status":"open","ping_status":"closed","template":"","meta":{"_et_pb_use_builder":"","_et_pb_old_content":"","_et_gb_content_width":""},"product_brand":[],"product_cat":[18],"product_tag":[19],"class_list":{"0":"post-265","1":"product","2":"type-product","3":"status-publish","4":"has-post-thumbnail","6":"product_cat-injection-stretch-blow-moulding-machine","7":"product_tag-injection-stretch-blow-moulding-machine","9":"first","10":"instock","11":"shipping-taxable","12":"product-type-simple"},"_links":{"self":[{"href":"https:\/\/onestepblowmachine.com\/id\/wp-json\/wp\/v2\/product\/265","targetHints":{"allow":["GET"]}}],"collection":[{"href":"https:\/\/onestepblowmachine.com\/id\/wp-json\/wp\/v2\/product"}],"about":[{"href":"https:\/\/onestepblowmachine.com\/id\/wp-json\/wp\/v2\/types\/product"}],"replies":[{"embeddable":true,"href":"https:\/\/onestepblowmachine.com\/id\/wp-json\/wp\/v2\/comments?post=265"}],"wp:featuredmedia":[{"embeddable":true,"href":"https:\/\/onestepblowmachine.com\/id\/wp-json\/wp\/v2\/media\/60"}],"wp:attachment":[{"href":"https:\/\/onestepblowmachine.com\/id\/wp-json\/wp\/v2\/media?parent=265"}],"wp:term":[{"taxonomy":"product_brand","embeddable":true,"href":"https:\/\/onestepblowmachine.com\/id\/wp-json\/wp\/v2\/product_brand?post=265"},{"taxonomy":"product_cat","embeddable":true,"href":"https:\/\/onestepblowmachine.com\/id\/wp-json\/wp\/v2\/product_cat?post=265"},{"taxonomy":"product_tag","embeddable":true,"href":"https:\/\/onestepblowmachine.com\/id\/wp-json\/wp\/v2\/product_tag?post=265"}],"curies":[{"name":"wp","href":"https:\/\/api.w.org\/{rel}","templated":true}]}}