{"id":136,"date":"2026-02-11T09:37:40","date_gmt":"2026-02-11T09:37:40","guid":{"rendered":"https:\/\/onestepblowmachine.com\/?page_id=136"},"modified":"2026-02-11T09:37:40","modified_gmt":"2026-02-11T09:37:40","slug":"contactez-nous","status":"publish","type":"page","link":"https:\/\/onestepblowmachine.com\/fr\/contactez-nous\/","title":{"rendered":"Contactez-nous"},"content":{"rendered":"<p>En tant que fabricant, fournisseur et exportateur de produits m\u00e9caniques ISBM, nous proposons des produits ISBM ainsi que de nombreux autres produits.<br \/>\nVeuillez nous contacter pour plus de d\u00e9tails.<\/p>\n<p>Mail:<a href=\"mailto:sales@onestepblowmachine.com\">sales@onestepblowmachine.com<\/a><\/p>\n<p>Fabricant, fournisseur, exportateur d'ISBM.<\/p>\n<p>Nous sommes sp\u00e9cialis\u00e9s dans la production de bo\u00eetes de vitesses agricoles, d'arbres de prise de force, de pignons, d'accouplements hydrauliques, de r\u00e9ducteurs \u00e0 vis sans fin, d'engrenages et de cr\u00e9maill\u00e8res, de cha\u00eenes \u00e0 rouleaux, de poulies, de r\u00e9ducteurs plan\u00e9taires, de poulies de distribution, de colliers d'arbre, et bien plus encore.<\/p>\n<p>Nous avons export\u00e9 nos produits \u00e0 des clients du monde entier et avons acquis une excellente r\u00e9putation gr\u00e2ce \u00e0 la qualit\u00e9 sup\u00e9rieure de nos produits et \u00e0 notre service apr\u00e8s-vente.<\/p>\n<p>Nous invitons chaleureusement les clients, tant nationaux qu'\u00e9trangers, \u00e0 nous contacter pour n\u00e9gocier des affaires, \u00e9changer des informations et coop\u00e9rer avec nous.<\/p>","protected":false},"excerpt":{"rendered":"<p>As one of the ISBM manufacturers, suppliers, and exporters of mechanical products, we offer ISBM and many other products. Please get in touch with us for details. Mail:sales@onestepblowmachine.com Manufacturer, supplier, exporter of ISBM. We specialize in the production of Agricultural Gearbox, PTO Shafts, Sprockets, Fluid Coupling, Worm Gear Reducers, Gears and racks, Roller Chains, Sheave [&hellip;]<\/p>","protected":false},"author":1,"featured_media":0,"parent":0,"menu_order":0,"comment_status":"closed","ping_status":"closed","template":"","meta":{"_et_pb_use_builder":"","_et_pb_old_content":"","_et_gb_content_width":"","footnotes":""},"class_list":["post-136","page","type-page","status-publish","hentry"],"_links":{"self":[{"href":"https:\/\/onestepblowmachine.com\/fr\/wp-json\/wp\/v2\/pages\/136","targetHints":{"allow":["GET"]}}],"collection":[{"href":"https:\/\/onestepblowmachine.com\/fr\/wp-json\/wp\/v2\/pages"}],"about":[{"href":"https:\/\/onestepblowmachine.com\/fr\/wp-json\/wp\/v2\/types\/page"}],"author":[{"embeddable":true,"href":"https:\/\/onestepblowmachine.com\/fr\/wp-json\/wp\/v2\/users\/1"}],"replies":[{"embeddable":true,"href":"https:\/\/onestepblowmachine.com\/fr\/wp-json\/wp\/v2\/comments?post=136"}],"version-history":[{"count":1,"href":"https:\/\/onestepblowmachine.com\/fr\/wp-json\/wp\/v2\/pages\/136\/revisions"}],"predecessor-version":[{"id":137,"href":"https:\/\/onestepblowmachine.com\/fr\/wp-json\/wp\/v2\/pages\/136\/revisions\/137"}],"wp:attachment":[{"href":"https:\/\/onestepblowmachine.com\/fr\/wp-json\/wp\/v2\/media?parent=136"}],"curies":[{"name":"wp","href":"https:\/\/api.w.org\/{rel}","templated":true}]}}