{"id":279,"date":"2026-03-03T06:46:31","date_gmt":"2026-03-03T06:46:31","guid":{"rendered":"https:\/\/onestepblowmachine.com\/?post_type=product&#038;p=279"},"modified":"2026-03-18T03:12:46","modified_gmt":"2026-03-18T03:12:46","slug":"ep-hgy650-v4-spritzstreckblasformmaschine-4-stationen","status":"publish","type":"product","link":"https:\/\/onestepblowmachine.com\/de\/produkt\/ep-hgy650-v4-spritzstreckblasformmaschine-4-stationen\/","title":{"rendered":"EP-HGY650-V4 Spritzstreckblasformmaschine | 4 Stationen"},"content":{"rendered":"<div style=\"width: 100%; max-width: 100%; min-width: 100%; text-align: center; padding: 20px 0;\">\n<h2 style=\"color: #004a99; text-align: left;\">1. Technische Spezifikationen: EP-HGY650-V4<\/h2>\n<div style=\"overflow-x: auto;\">\n<table style=\"width: 100%;\" border=\"1\">\n<thead>\n<tr>\n<th>Artikel<\/th>\n<th>Einheit<\/th>\n<th colspan=\"4\">Einstufige Spritzstreckblasformmaschine (4 Stationen)<\/th>\n<\/tr>\n<\/thead>\n<tbody>\n<tr>\n<td>Maschinenname<\/td>\n<td><\/td>\n<td colspan=\"4\">Einstufige Spritzstreckblasformmaschine (4 Stationen)<\/td>\n<\/tr>\n<tr>\n<td>Modell<\/td>\n<td><\/td>\n<td colspan=\"4\">HGY650-V4<\/td>\n<\/tr>\n<tr>\n<td>Hersteller<\/td>\n<td><\/td>\n<td colspan=\"4\">HENGGANG<\/td>\n<\/tr>\n<tr>\n<td>Material<\/td>\n<td><\/td>\n<td colspan=\"4\">PET\/PETG<\/td>\n<\/tr>\n<tr>\n<td>Schraubendurchmesser<\/td>\n<td>MM<\/td>\n<td>50<\/td>\n<td>55<\/td>\n<td>60<\/td>\n<td>\/<\/td>\n<\/tr>\n<tr>\n<td>Theoretisches Injektionsvolumen<\/td>\n<td>CM\u00b3<\/td>\n<td>340<\/td>\n<td>420<\/td>\n<td>480<\/td>\n<td>\/<\/td>\n<\/tr>\n<tr>\n<td>Drehzahl der Schraube (U\/min)<\/td>\n<td>r\/min<\/td>\n<td>180<\/td>\n<td>150<\/td>\n<td>150 ~ 220<\/td>\n<td>\/<\/td>\n<\/tr>\n<tr>\n<td>Einspritzklemmkraft<\/td>\n<td>KN<\/td>\n<td colspan=\"4\">400<\/td>\n<\/tr>\n<tr>\n<td>Blasklemmkraft<\/td>\n<td>KN<\/td>\n<td colspan=\"4\">400<\/td>\n<\/tr>\n<tr>\n<td>Motorleistung<\/td>\n<td>KW<\/td>\n<td colspan=\"4\">75.7<\/td>\n<\/tr>\n<tr>\n<td>Heizleistung<\/td>\n<td>KW<\/td>\n<td colspan=\"4\">15<\/td>\n<\/tr>\n<tr>\n<td>Blasluftdruck<\/td>\n<td>MPa<\/td>\n<td colspan=\"4\">2.0-3.5<\/td>\n<\/tr>\n<tr>\n<td>K\u00fchlwasserdruck<\/td>\n<td>MPa<\/td>\n<td colspan=\"4\">0.4-0.6<\/td>\n<\/tr>\n<tr>\n<td>Maschinen\u00f6lk\u00fchler-Wasserdruck<\/td>\n<td>MPa<\/td>\n<td colspan=\"4\">0.3-0.4<\/td>\n<\/tr>\n<tr>\n<td>Maschinen\u00f6lk\u00fchlerwassertemperatur<\/td>\n<td>\u00b0C<\/td>\n<td colspan=\"4\">20-25<\/td>\n<\/tr>\n<tr>\n<td>Stromspannung<\/td>\n<td>V<\/td>\n<td colspan=\"4\">370-400<\/td>\n<\/tr>\n<tr>\n<td>Gr\u00f6\u00dfe (L*B*H)<\/td>\n<td>MM<\/td>\n<td colspan=\"4\">6100x2600x4200<\/td>\n<\/tr>\n<tr>\n<td>Gewicht<\/td>\n<td>T<\/td>\n<td colspan=\"4\">28<\/td>\n<\/tr>\n<\/tbody>\n<\/table>\n<h3 style=\"overflow-x: auto; text-align: center;\"><strong>EP-HGY250-V4-B Spritzstreckblasformmaschine \u2013 Produktabmessungen<\/strong><\/h3>\n<\/div>\n<\/div>\n<div style=\"overflow-x: auto;\">\n<table style=\"width: 100%;\" border=\"1\">\n<thead>\n<tr>\n<th>Produktabmessungen<\/th>\n<th>Einheit<\/th>\n<th colspan=\"4\">Wert<\/th>\n<\/tr>\n<\/thead>\n<tbody>\n<tr>\n<td>Produktmenge<\/td>\n<td>PCS<\/td>\n<td>1<\/td>\n<td>2<\/td>\n<td>3<\/td>\n<td>4<\/td>\n<\/tr>\n<tr>\n<td>Flaschendurchmesser (BD)<\/td>\n<td>MM<\/td>\n<td>280<\/td>\n<td>235(280)<\/td>\n<td>230<\/td>\n<td>180<\/td>\n<\/tr>\n<tr>\n<td>Flaschenh\u00f6he (H)<\/td>\n<td>MM<\/td>\n<td colspan=\"4\">510<\/td>\n<\/tr>\n<tr>\n<td>Halsdurchmesser (E)<\/td>\n<td>MM<\/td>\n<td>140<\/td>\n<td>120<\/td>\n<td>90<\/td>\n<td>84<\/td>\n<\/tr>\n<tr>\n<td>Maximales Flaschenvolumen (ml)<\/td>\n<td>L<\/td>\n<td>20<\/td>\n<td>20<\/td>\n<td>12<\/td>\n<td>5 (7)<\/td>\n<\/tr>\n<tr>\n<td>Maximales Flaschengewicht (g)<\/td>\n<td>G<\/td>\n<td>900<\/td>\n<td>460<\/td>\n<td>310<\/td>\n<td>230<\/td>\n<\/tr>\n<\/tbody>\n<\/table>\n<p>&nbsp;<\/p>\n<\/div>\n<h2 style=\"color: #004a99; text-align: left;\">2. Materialvielfalt und Verarbeitungsm\u00f6glichkeiten der Spritzstreckblasformmaschine<\/h2>\n<div style=\"overflow-x: auto;\">\n<table style=\"width: 100%;\" border=\"1\">\n<thead>\n<tr>\n<th>Technischer Standard<\/th>\n<th>Maschinenparameter<\/th>\n<\/tr>\n<\/thead>\n<tbody>\n<tr>\n<td>Einsatz von 3 Servopumpensystemen;<\/td>\n<td>Schraubendurchmesser: 60 mm (optional);<\/td>\n<\/tr>\n<tr>\n<td>Inovance\/WEICHI-Servomotorleistung: 75 kW;<\/td>\n<td>Theoretisches Injektionsvolumen: 480 g;<\/td>\n<\/tr>\n<tr>\n<td>Verwendung der Inovance\/MIRLE SPS;<\/td>\n<td>Einspritzschlie\u00dfkraft: 400 kN;<\/td>\n<\/tr>\n<tr>\n<td>Der Plattenspieler ist mit einem japanischen Yaskawa-Servomotor oder einem WEICHI-Servomotor mit einem taiwanesischen TSUNTIEN-Untersetzungsgetriebe ausgestattet;<\/td>\n<td>Hub der oberen Form: 1070 mm;<\/td>\n<\/tr>\n<tr>\n<td>Die Blasformstruktur verwendet ein hydraulisches Zylinder- oder Doppelservomotor-Formschlie\u00dfsystem mit Hochdruckkompensationsfunktion;<\/td>\n<td>Unterer Formhub: 550 mm;<\/td>\n<\/tr>\n<tr>\n<td>Verwendung des amerikanischen Parker-Hochdruckventils;<\/td>\n<td>TEMP. Regelkernhub: 300 mm;<\/td>\n<\/tr>\n<tr>\n<td>Verwendung des Airtak-Luftzylinders;<\/td>\n<td>TEMP. Regelbarer Laufhub: 300 mm;<\/td>\n<\/tr>\n<tr>\n<td>Die Temperaturregelung erfolgt \u00fcber eine integrierte Steuereinheit, die hochpr\u00e4zise, \u200b\u200bstabil und einfach zu bedienen ist; alternativ kann auch das im System integrierte Temperaturregelungssystem gew\u00e4hlt werden.<\/td>\n<td>Auswurfweg: 300 mm;<\/td>\n<\/tr>\n<tr>\n<td>Verwendung eines hydraulischen Druckregelventils von YUKEN aus Taiwan, China;<\/td>\n<td>Anblasklemmkraft: 400 kN (einseitig);<\/td>\n<\/tr>\n<tr>\n<td>Das \u00d6lrohr besteht aus importiertem Material aus Italien;<\/td>\n<td>Blaskernhub: 300 mm;<\/td>\n<\/tr>\n<tr>\n<td>Die Schraube wird durch einen nano-ferninfraroten, energiesparenden Heizring (15 kW) erhitzt;<\/td>\n<td>Blasformhub: 175+175mm;<\/td>\n<\/tr>\n<tr>\n<td>Die Einspritzeinheit wird \u00fcber einen einzelnen Zylinder gesteuert. Der Schmelzemotor kann entweder hydraulisch oder \u00fcber einen Servomotor gesteuert werden;<\/td>\n<td>\u00d6ltankvolumen: 600 l;<\/td>\n<\/tr>\n<tr>\n<td>Das \u00d6lrohr besteht aus importiertem Material aus Italien;<\/td>\n<td>Gr\u00f6\u00dfe (L\u00d7B\u00d7H): 6,1\u00d72,6\u00d74,2 m;<\/td>\n<\/tr>\n<tr>\n<td>Gesamtleistung der Maschine: 90,7 kW.<\/td>\n<td>Gewicht: 28T.<\/td>\n<\/tr>\n<\/tbody>\n<\/table>\n<\/div>\n<p><img loading=\"lazy\" decoding=\"async\" class=\"aligncenter size-full wp-image-225\" src=\"https:\/\/onestepblowmachine.com\/wp-content\/uploads\/2026\/02\/onestepblowmachine-products-show4.webp\" alt=\"onestepblowmachine-products-show4\" width=\"750\" height=\"500\" title=\"\"><\/p>\n<p>&nbsp;<\/p>\n<h2 style=\"color: #004a99; text-align: left;\">3. Revolutionierung der Gro\u00dfserienfertigung durch Ein-Schritt-Technologie<\/h2>\n<p>Der <strong>Spritzstreckblasformverfahren<\/strong> Im HGY650-V4 ist ein geschlossenes System integriert, das f\u00fcr maximale thermische Effizienz ausgelegt ist. Im Gegensatz zum zweistufigen Verfahren, bei dem kalte Vorformlinge erneut erw\u00e4rmt werden m\u00fcssen, \u2026 <strong>Einstufige Spritzstreckblasformmaschine<\/strong> Das Verfahren nutzt die Restw\u00e4rme aus dem Spritzgussverfahren zum Strecken und Aufblasen. Dadurch wird der Energieverbrauch um bis zu 401 \u00b5P\/4T reduziert und gleichzeitig werden Mikrokratzer und Staubablagerungen auf der Oberfl\u00e4che vermieden, die f\u00fcr die \u00c4sthetik hochwertiger Kosmetik- oder Lebensmittelverpackungen entscheidend sind. F\u00fcr kolumbianische Unternehmen, die ihre St\u00fcckkosten optimieren m\u00f6chten, bietet das Verfahren eine optimale L\u00f6sung. <strong>Spritzstreckblasformmaschine<\/strong> Das Preis-Leistungs-Verh\u00e4ltnis ist un\u00fcbertroffen, insbesondere im Vergleich zu westlichen Alternativen. Die Vier-Stationen-Anlage \u2013 Einspritzen, Vorkonditionierung\/Endabschneiden, Streckblasen und Entnahme \u2013 gew\u00e4hrleistet, dass jeder Prozessschritt perfekt auf das spezifische W\u00e4rmeprofil des Materials abgestimmt ist. Dies f\u00fchrt zu einer \u00fcberlegenen Wandst\u00e4rkenverteilung und kristalliner Transparenz.<\/p>\n<p>Als <strong>neue Spritzstreckblasformmaschine<\/strong>Die V4-Serie ist mit modernsten servohydraulischen Hybridsystemen ausgestattet. Dies erm\u00f6glicht einen extrem leisen Betrieb (entscheidend f\u00fcr moderne Fabriken in der Stadt) und eine hochpr\u00e4zise Druckregelung w\u00e4hrend der kritischen Streckblasphase. Ob Sie 5-Gallonen-Wasserkanister oder 20-Liter-Chemikalienf\u00e4sser herstellen \u2013 die F\u00e4higkeit der Maschine, komplexe Geometrien zu verarbeiten und dabei enge Halstoleranzen einzuhalten, zeugt von ihrer herausragenden Ingenieurskunst. Sie gilt unter Herstellern von Streckblasformmaschinen als robuster Ersatz f\u00fcr \u00e4ltere Systeme und bietet die Leistung von ASB- und AOKI-Standards mit modernisierten Steuerungsschnittstellen und geringerem Wartungsaufwand.<\/p>\n<div style=\"width: 100%; max-width: 100%; min-width: 100%; text-align: center; padding: 20px 0;\"><img decoding=\"async\" style=\"width: 100%; max-width: 100%; height: auto; border-radius: 8px;\" src=\"https:\/\/onestepblowmachine.com\/wp-content\/uploads\/2026\/02\/onestepblowmachine-products-show1.webp\" alt=\"Spritzstreckblasformprodukte\" title=\"\"><\/div>\n<h2 style=\"color: #004a99;\">4. Technische Dynamik: Die \u00dcberlegenheit der 4-Stationen-Technologie<\/h2>\n<p>das Verst\u00e4ndnis des <strong>Spritzstreckblasformverfahren<\/strong> ist f\u00fcr die Optimierung der Produktionsausbeute unerl\u00e4sslich. In der ersten Station wird die Hochpr\u00e4zision eingesetzt. <strong>Spritzstreckblasform<\/strong> Es entsteht ein Vorformling mit perfekter Halsbearbeitung. In der zweiten Station geschieht die \u201eMagie\u201c \u2013 die thermische Konditionierung. Hier wird die Temperatur des Vorformlings ausgeglichen, um eine gleichm\u00e4\u00dfige biaxiale Streckung beim Erreichen der dritten Station zu gew\u00e4hrleisten. Station drei verwendet Hochleistungsstreckst\u00e4be und Hochdruckluft (bis zu 3,5 MPa), um das Material in die endg\u00fcltige Form zu bringen. <strong>Spritzstreckblasformprodukte<\/strong>Station vier bef\u00f6rdert die Flaschen schlie\u00dflich automatisch auf ein F\u00f6rderband, wo sie zum Etikettieren und Abf\u00fcllen bereitstehen. Diese Konfiguration einer wei\u00dfen Spritzstreckblasformmaschine ist aufgrund ihrer hygienischen Vorteile sehr beliebt, da die Flaschen bis zum Verschlie\u00dfen weder von Menschenhand ber\u00fchrt noch \u00e4u\u00dferen Verunreinigungen ausgesetzt sind.<\/p>\n<p>F\u00fcr Bediener in Kolumbien erm\u00f6glicht die intuitive HMI die Echtzeit\u00fcberwachung von Videobildern und Sensordaten der Spritzstreckblasformanlage. Diese Transparenz im Betrieb der Spritzstreckblasformmaschinen erlaubt sofortige Feinjustierungen der Schneckendrehzahl oder des Blasdrucks und reduziert so die in zweistufigen Prozessen \u00fcbliche Ausschussquote drastisch. Hersteller mit hohem Produktionsvolumen werden den 28 Tonnen schweren, robusten Rahmen zu sch\u00e4tzen wissen, der Vibrationen d\u00e4mpft, die Lebensdauer der mit ASB-Spritzgie\u00dfmaschinen kompatiblen Formen verl\u00e4ngert und sicherstellt, dass hohe Produktionsgeschwindigkeiten die Integrit\u00e4t von Flaschenboden und -hals nicht beeintr\u00e4chtigen.<\/p>\n<div style=\"width: 100%; max-width: 100%; min-width: 100%; padding: 40px 20px; background-color: #f0f4f8;\">\n<h2 style=\"text-align: center; color: #004a99;\">5. Materialvielfalt und globale Anwendungsm\u00f6glichkeiten<\/h2>\n<p style=\"text-align: center; margin-bottom: 30px;\">Verarbeitung von PET, PETO und PETG mit un\u00fcbertroffener Effizienz f\u00fcr diverse Branchen.<\/p>\n<div style=\"display: flex; flex-wrap: wrap; justify-content: space-around;\">\n<div style=\"width: 100%; max-width: 300px; background: #fff; padding: 20px; margin-bottom: 20px; border-radius: 8px; border-top: 4px solid #004a99; box-shadow: 0 2px 10px rgba(0,0,0,0.05);\">\n<h3 style=\"color: #004a99;\">Getr\u00e4nke in gro\u00dfen Mengen<\/h3>\n<p>Ideal f\u00fcr Wasserballons von 5 bis 20 Litern. Hohe Transparenz und BPA-freie Produktion erf\u00fcllen die strengsten Gesundheitsstandards der Andenregion.<\/p>\n<\/div>\n<div style=\"width: 100%; max-width: 300px; background: #fff; padding: 20px; margin-bottom: 20px; border-radius: 8px; border-top: 4px solid #004a99; box-shadow: 0 2px 10px rgba(0,0,0,0.05);\">\n<h3 style=\"color: #004a99;\">Speise\u00f6l<\/h3>\n<p>Gew\u00e4hrleistet auslaufsichere H\u00e4lse und hohe Sto\u00dffestigkeit f\u00fcr gro\u00dfvolumige Beh\u00e4lter f\u00fcr Gem\u00fcse und Palm\u00f6l, die in kolumbianischen Haushalten verwendet werden.<\/p>\n<\/div>\n<div style=\"width: 100%; max-width: 300px; background: #fff; padding: 20px; margin-bottom: 20px; border-radius: 8px; border-top: 4px solid #004a99; box-shadow: 0 2px 10px rgba(0,0,0,0.05);\">\n<h3 style=\"color: #004a99;\">Industriechemikalien<\/h3>\n<p>Die dickwandige Konstruktion des V4 erm\u00f6glicht die sichere Lagerung von Reinigungsmitteln und Chemikalien und bietet eine zuverl\u00e4ssige <strong>graue Spritzstreckblasformmaschine<\/strong> Industrielles Finish.<\/p>\n<\/div>\n<\/div>\n<\/div>\n<div style=\"width: 100%; max-width: 100%; min-width: 100%; text-align: center; padding: 20px 0;\"><img loading=\"lazy\" decoding=\"async\" class=\"aligncenter size-full wp-image-61\" src=\"https:\/\/onestepblowmachine.com\/wp-content\/uploads\/2026\/02\/onestepblowmachine-HGY650-V4.webp\" alt=\"onestepblowmachine-HGY650-V4\" width=\"800\" height=\"800\" title=\"\" srcset=\"https:\/\/onestepblowmachine.com\/wp-content\/uploads\/2026\/02\/onestepblowmachine-HGY650-V4.webp 800w, https:\/\/onestepblowmachine.com\/wp-content\/uploads\/2026\/02\/onestepblowmachine-HGY650-V4-480x480.webp 480w\" sizes=\"(min-width: 0px) and (max-width: 480px) 480px, (min-width: 481px) 800px, 100vw\" \/><\/div>\n<div style=\"width: 100%; max-width: 100%; min-width: 100%; padding: 40px 20px;\">\n<h2 style=\"color: #004a99;\">6. Exzellente Fertigung und globaler Support<\/h2>\n<div style=\"width: 100%; max-width: 100%; min-width: 100%; overflow-x: auto; white-space: nowrap; padding-bottom: 20px;\">\n<p style=\"margin-bottom: 25px;\">Als professioneller Hersteller von Spritzstreckblasformmaschinen vereint unsere hochmoderne Produktionsst\u00e4tte Forschung und Entwicklung, Pr\u00e4zisionsbearbeitung und strenge Tests, um sicherzustellen, dass jede Maschine internationalen Standards entspricht. Durch die Verwendung erstklassiger Komponenten von Marken wie Yaskawa und Parker garantieren wir Langlebigkeit und Zuverl\u00e4ssigkeit.<br \/>\nWir haben spezialisierte Blasformmaschinen f\u00fcr die Verpackung verschiedenster Materialien (PET\/PETG\/PC\/PCTG\/PP) entwickelt, darunter Kosmetika, Wasser, \u00d6l, Getr\u00e4nke, Lebensmittel, Pharmazeutika und Babyartikel. Insbesondere im Bereich hochwertiger Spezialmaschinen f\u00fcr Kosmetik, Lebensmittel und Pharmazeutika haben wir uns eine f\u00fchrende Position in der Branche erarbeitet.<\/p>\n<h2 style=\"text-align: center; color: #333; margin-top: 30px; font-size: 24px;\">Werkstatt<\/h2>\n<div style=\"display: flex; overflow-x: auto; gap: 15px; padding: 10px 0; scrollbar-width: thin;\"><img decoding=\"async\" style=\"flex: 0 0 auto; width: 24%; min-width: 200px; height: auto; border-radius: 4px;\" src=\"https:\/\/onestepblowmachine.com\/wp-content\/uploads\/2026\/02\/onestepblowmachine-about-us4.webp\" alt=\"Fabrikwerkstatt Ansicht 1\" title=\"\"><br \/>\n<img decoding=\"async\" style=\"flex: 0 0 auto; width: 24%; min-width: 200px; height: auto; border-radius: 4px;\" src=\"https:\/\/onestepblowmachine.com\/wp-content\/uploads\/2026\/02\/onestepblowmachine-about-us2-scaled.webp\" alt=\"Fabrikwerkstatt Ansicht 2\" title=\"\"><br \/>\n<img decoding=\"async\" style=\"flex: 0 0 auto; width: 24%; min-width: 200px; height: auto; border-radius: 4px;\" src=\"https:\/\/onestepblowmachine.com\/wp-content\/uploads\/2026\/02\/onestepblowmachine-about-us.webp\" alt=\"Fabrikwerkstatt Ansicht 3\" title=\"\"><br \/>\n<img decoding=\"async\" style=\"flex: 0 0 auto; width: 24%; min-width: 200px; height: auto; border-radius: 4px;\" src=\"https:\/\/onestepblowmachine.com\/wp-content\/uploads\/2026\/02\/onestepblowmachine-products-show3.webp\" alt=\"Fabrikwerkstatt Ansicht 4\" title=\"\"><\/div>\n<\/div>\n<\/div>\n<div style=\"width: 100%; max-width: 100%; min-width: 100%; padding: 40px 20px; background-color: #fafafa;\">\n<h2 style=\"text-align: center; color: #004a99;\">7. Die Stimme des Ingenieurs: Feldberichte<\/h2>\n<div style=\"margin-bottom: 30px; padding: 25px; background: #fff; border-left: 5px solid #004a99; box-shadow: 0 4px 6px rgba(0,0,0,0.05);\">\n<p style=\"font-style: italic; font-weight: bold; color: #555;\">Ingenieur: Carlos R. | Medell\u00edn, Kolumbien<\/p>\n<p style=\"color: #333; margin-top: 10px;\">\u201eUnsere Anlage hatte mit den hohen Ausschussraten einer zweistufigen Blasformanlage f\u00fcr unsere 10-Liter-Wasserkanister zu k\u00e4mpfen. Nach dem Wechsel zur HGY650-V4 <strong>Spritzstreckblasformmaschinen<\/strong>Unsere Produktionsausbeute stieg um 221 TP4T. Am meisten beeindruckte mich die Gleichm\u00e4\u00dfigkeit der Halslackierung; wir haben keine Probleme mehr mit undichten Kappen. <strong>Einstufige Spritzstreckblasformmaschine<\/strong> \u201eist zum R\u00fcckgrat unserer Produktlinie f\u00fcr schwere Flaschen geworden.\u201c<\/p>\n<p style=\"font-size: 0.9em; color: #888;\">Kaufzweck: Erweiterung der Mineralwasserabf\u00fcllung in gro\u00dfem Umfang.<\/p>\n<\/div>\n<div style=\"padding: 25px; background: #fff; border-left: 5px solid #004a99; box-shadow: 0 4px 6px rgba(0,0,0,0.05);\">\n<p style=\"font-style: italic; font-weight: bold; color: #555;\">Leitender Ingenieur: Diego M. | Bogot\u00e1, Kolumbien<\/p>\n<p style=\"color: #333; margin-top: 10px;\">\u201eF\u00fcr die Speise\u00f6lindustrie ist PET-Transparenz eine Marketingnotwendigkeit. Die EP-HGY650-V4 verarbeitet PETO und PET mit unglaublicher thermischer Stabilit\u00e4t.\u201c <strong>Spritzblasformen<\/strong> Die Qualit\u00e4t ist besser als alles, was wir in den letzten 15 Jahren verwendet haben. Es ist zuverl\u00e4ssig. <strong>Ersatz-Spritzstreckblasformmaschine<\/strong> Das passt perfekt in unsere bestehenden automatisierten Abf\u00fcllanlagen. Die Unterst\u00fctzung durch das technische Team war erstklassig.\u201c<\/p>\n<p style=\"font-size: 0.9em; color: #888;\">Kaufzweck: Modernisierung der Palm\u00f6lverpackungen im gro\u00dfen Stil.<\/p>\n<\/div>\n<\/div>\n<div style=\"width: 100%; max-width: 100%; min-width: 100%; text-align: center; padding: 20px 0;\"><img decoding=\"async\" style=\"width: 100%; max-width: 100%; height: auto; border-radius: 8px;\" src=\"https:\/\/onestepblowmachine.com\/wp-content\/uploads\/2026\/03\/onestepblowmachine-products-show6.webp\" alt=\"Pr\u00e4sentation von Spritzblasformprodukten\" title=\"\"><\/div>\n<div style=\"width: 100%; max-width: 100%; min-width: 100%; padding: 40px 20px; text-align: left;\">\n<h2 style=\"color: #0056b3;\">8. Integrierte L\u00f6sungen: Komplette Lieferkette<\/h2>\n<p style=\"text-align: left;\">Um die Betriebseffizienz Ihrer Fabrik weiter zu steigern, bieten wir volle Systemkompatibilit\u00e4t mit industriellen Zusatzkomponenten. Wir fertigen au\u00dferdem professionelle <a style=\"color: #0056b3; text-decoration: underline;\" href=\"https:\/\/agricultural-gearbox.net\/\" target=\"_blank\" rel=\"noopener\">Getriebe<\/a> Konzipiert f\u00fcr anspruchsvolle Industrieanwendungen, gew\u00e4hrleistet unsere L\u00f6sung eine zuverl\u00e4ssige Energie\u00fcbertragung in Ihrer gesamten Anlage. Dank unserer Komplettl\u00f6sung sind alle Systeme synchronisiert \u2013 f\u00fcr maximale Langlebigkeit und minimale Ausfallzeiten. So entsteht ein einheitliches Technologie-\u00d6kosystem f\u00fcr Ihre Kunststoffverarbeitung.<\/p>\n<div style=\"text-align: center; margin-top: 20px;\"><img loading=\"lazy\" decoding=\"async\" class=\"aligncenter size-full wp-image-230\" src=\"https:\/\/onestepblowmachine.com\/wp-content\/uploads\/2026\/02\/onestepblowmachine-related-products-gearbox-1.webp\" alt=\"Getriebe f\u00fcr OneStepBlowMachine-bezogene Produkte\" width=\"1000\" height=\"500\" title=\"\" srcset=\"https:\/\/onestepblowmachine.com\/wp-content\/uploads\/2026\/02\/onestepblowmachine-related-products-gearbox-1.webp 1000w, https:\/\/onestepblowmachine.com\/wp-content\/uploads\/2026\/02\/onestepblowmachine-related-products-gearbox-1-980x490.webp 980w, https:\/\/onestepblowmachine.com\/wp-content\/uploads\/2026\/02\/onestepblowmachine-related-products-gearbox-1-480x240.webp 480w\" sizes=\"(min-width: 0px) and (max-width: 480px) 480px, (min-width: 481px) and (max-width: 980px) 980px, (min-width: 981px) 1000px, 100vw\" \/><\/div>\n<\/div>\n<h2 style=\"color: #004a99; text-align: left;\">H\u00e4ufig gestellte Fragen<\/h2>\n<div style=\"margin-top: 20px; border-bottom: 1px solid #ddd; padding: 10px 0;\">\n<p style=\"font-weight: bold; color: #004a99;\">Frage 1: Was ist die maximale H\u00f6he und der maximale Durchmesser f\u00fcr Beh\u00e4lter, die auf der Vier-Stationen-Plattform HGY650-V4 hergestellt werden?<\/p>\n<p style=\"color: #555;\">A1: Dieses spezielle <strong>Spritzstreckblasformmaschine<\/strong> Es k\u00f6nnen Beh\u00e4lter mit einer H\u00f6he von bis zu 510 mm und einem Durchmesser von bis zu 280 mm hergestellt werden, wodurch es sich ideal f\u00fcr gro\u00dfformatige Fl\u00fcssigkeiten eignet.<\/p>\n<\/div>\n<div style=\"border-bottom: 1px solid #ddd; padding: 10px 0;\">\n<p style=\"font-weight: bold; color: #004a99;\">Frage 2: Wie verbessert die Spritzstreckblasformmaschine die Energieeffizienz in gro\u00dftechnischen Speise\u00f6lfabriken?<\/p>\n<p style=\"color: #555;\">A2: Durch die Nutzung des einstufigen Verfahrens entf\u00e4llt das erneute Erhitzen der Vorformlinge. Diese direkte W\u00e4rme\u00fcbertragungsmethode senkt die Stromkosten f\u00fcr Hersteller, die eine nachhaltige Produktion anstreben, erheblich. <strong>Spritzstreckblasformmaschinen<\/strong> L\u00f6sung.<\/p>\n<\/div>\n<div style=\"border-bottom: 1px solid #ddd; padding: 10px 0;\">\n<p style=\"font-weight: bold; color: #004a99;\">Frage 3: Auf welche spezifischen technischen Parameter sollte ich beim Vergleich von ISBM-Lieferanten f\u00fcr hochbelastbare Industriebeh\u00e4lter achten?<\/p>\n<p style=\"color: #555;\">A3: Sie sollten sich auf die Schlie\u00dfkraft und das Einspritzvolumen konzentrieren. Unsere HGY650-V4 bietet eine Schlie\u00dfkraft von 400 kN und ist damit eine robuste L\u00f6sung. <strong>Hersteller von Spritzstreckblasformmaschinen<\/strong> Die erste Wahl f\u00fcr anspruchsvolle industrielle Anwendungen.<\/p>\n<\/div>\n<div style=\"border-bottom: 1px solid #ddd; padding: 10px 0;\">\n<p style=\"font-weight: bold; color: #004a99;\">Frage 4: Kann diese Maschine PETG- und Tritan-Materialien f\u00fcr hochtransparente Babyprodukte oder Laborgef\u00e4\u00dfe verarbeiten?<\/p>\n<p style=\"color: #555;\">A4: Ja, die <strong>Spritzstreckblasformverfahren<\/strong> Unsere V4-Serie ist \u00e4u\u00dferst anpassungsf\u00e4hig. Sie verarbeitet verschiedene Harze und produziert hochtransparente, BPA-freie Produkte. <strong>Spritzstreckblasformprodukte<\/strong> f\u00fcr pharmazeutische und Verbraucherzwecke.<\/p>\n<\/div>\n<div style=\"border-bottom: 1px solid #ddd; padding: 10px 0;\">\n<p style=\"font-weight: bold; color: #004a99;\">Frage 5: Wie verh\u00e4lt sich der Wartungsplan der Maschine im Vergleich zu anderen globalen ISBM-Marken unter Ber\u00fccksichtigung der Gesamtbetriebskosten?<\/p>\n<p style=\"color: #555;\">A5: Unsere Spritzstreckblasformmaschine ist mit modularen Hydraulikkomponenten und einer vereinfachten HMI ausgestattet, was die Kosten f\u00fcr spezialisierte Arbeitskr\u00e4fte reduziert und sie zu einer attraktiven Option f\u00fcr Lieferanten von Spritzstreckblasformmaschinen macht.<\/p>\n<\/div>\n<div style=\"border-bottom: 1px solid #ddd; padding: 10px 0;\">\n<p style=\"font-weight: bold; color: #004a99;\">Frage 6: Warum sollte sich eine Fabrik in Medell\u00edn f\u00fcr eine Einstufenmaschine anstelle eines herk\u00f6mmlichen Zweistufen-Blasformsystems entscheiden?<\/p>\n<p style=\"color: #555;\">A6: Der Hauptvorteil der Ein-Schritt-Spritzstreckblasformmaschine liegt in der \u00fcberlegenen Hygiene und der geringeren Platzbedarfsreduzierung. In urbanen Industriegebieten ist die Platzersparnis bei gleichzeitiger Beibehaltung der medizinischen Qualit\u00e4t ein bedeutender Wettbewerbsvorteil.<\/p>\n<\/div>\n<div style=\"border-bottom: 1px solid #ddd; padding: 10px 0;\">\n<p style=\"font-weight: bold; color: #004a99;\">Frage 7: Ist die EP-HGY250-V4 ein geeigneter Ersatz f\u00fcr \u00e4ltere ASB-Spritzgie\u00dfmaschinen in bestehenden Produktionslinien?<\/p>\n<p style=\"color: #555;\">A7: Absolut. Viele unserer Kunden nutzen unsere Hardware als <a href=\"https:\/\/onestepblowmachine.com\/de\/produkt\/ep-hgy250-v4-spritzstreckblasformmaschine-4-stationen\/\"><strong>Ersatz von ASB und Aoki<\/strong><\/a> Einheiten, da unsere Kompatibilit\u00e4t mit dem Spritzstreckblasformverfahren einen kosteng\u00fcnstigeren \u00dcbergang zu moderner, effizienter Technologie erm\u00f6glicht.<\/p>\n<\/div>\n<p style=\"text-align: right;\">Herausgeber: PXY<\/p>","protected":false},"excerpt":{"rendered":"<p>Die EP-HGY650-V4 Spritzstreckblasformmaschine wurde speziell f\u00fcr Gro\u00dfbeh\u00e4lter von 5 bis 20 Litern entwickelt. Diese leistungsstarke Vier-Stationen-Anlage beseitigt die Ineffizienzen herk\u00f6mmlicher Zweistufenverfahren. In den sich rasant industrialisierenden M\u00e4rkten Kolumbiens, insbesondere in wichtigen Zentren wie Bogot\u00e1 und Medell\u00edn, steigt die Nachfrage nach hochtransparenten und hochfesten PET- und PETO-Beh\u00e4ltern rasant an. Diese Maschine bietet Herstellern von Speise\u00f6len, Wasser in gro\u00dfen Mengen und Industriechemikalien einen strategischen Vorteil und erm\u00f6glicht einen nahtlosen \u00dcbergang vom Rohmaterial zum fertigen Produkt.<\/p>","protected":false},"featured_media":339,"comment_status":"open","ping_status":"closed","template":"","meta":{"_et_pb_use_builder":"","_et_pb_old_content":"","_et_gb_content_width":""},"product_brand":[],"product_cat":[18],"product_tag":[21],"class_list":{"0":"post-279","1":"product","2":"type-product","3":"status-publish","4":"has-post-thumbnail","6":"product_cat-injection-stretch-blow-moulding-machine","7":"product_tag-injection-stretch-blow-molding-machine","9":"first","10":"instock","11":"shipping-taxable","12":"product-type-simple"},"_links":{"self":[{"href":"https:\/\/onestepblowmachine.com\/de\/wp-json\/wp\/v2\/product\/279","targetHints":{"allow":["GET"]}}],"collection":[{"href":"https:\/\/onestepblowmachine.com\/de\/wp-json\/wp\/v2\/product"}],"about":[{"href":"https:\/\/onestepblowmachine.com\/de\/wp-json\/wp\/v2\/types\/product"}],"replies":[{"embeddable":true,"href":"https:\/\/onestepblowmachine.com\/de\/wp-json\/wp\/v2\/comments?post=279"}],"wp:featuredmedia":[{"embeddable":true,"href":"https:\/\/onestepblowmachine.com\/de\/wp-json\/wp\/v2\/media\/339"}],"wp:attachment":[{"href":"https:\/\/onestepblowmachine.com\/de\/wp-json\/wp\/v2\/media?parent=279"}],"wp:term":[{"taxonomy":"product_brand","embeddable":true,"href":"https:\/\/onestepblowmachine.com\/de\/wp-json\/wp\/v2\/product_brand?post=279"},{"taxonomy":"product_cat","embeddable":true,"href":"https:\/\/onestepblowmachine.com\/de\/wp-json\/wp\/v2\/product_cat?post=279"},{"taxonomy":"product_tag","embeddable":true,"href":"https:\/\/onestepblowmachine.com\/de\/wp-json\/wp\/v2\/product_tag?post=279"}],"curies":[{"name":"wp","href":"https:\/\/api.w.org\/{rel}","templated":true}]}}